{"id":2193,"date":"2015-08-30T17:59:53","date_gmt":"2015-08-30T16:59:53","guid":{"rendered":"http:\/\/gite.fudral.com\/?page_id=2193"},"modified":"2025-03-14T12:43:17","modified_gmt":"2025-03-14T11:43:17","slug":"contact","status":"publish","type":"page","link":"https:\/\/gite.fudral.com\/en\/contact\/","title":{"rendered":"Contact"},"content":{"rendered":"\n<div class=\"wp-block-cover is-light\"><span aria-hidden=\"true\" class=\"wp-block-cover__background has-background-dim\" style=\"background-color:#7b8b9a\"><\/span><img loading=\"lazy\" decoding=\"async\" width=\"690\" height=\"361\" class=\"wp-block-cover__image-background wp-image-2118\" alt=\"Vue sur le Mont Pourri\" src=\"https:\/\/gite.fudral.com\/wp-content\/uploads\/2015\/07\/HiverMousselard-slide.jpg\" data-object-fit=\"cover\" srcset=\"https:\/\/gite.fudral.com\/wp-content\/uploads\/2015\/07\/HiverMousselard-slide.jpg 690w, https:\/\/gite.fudral.com\/wp-content\/uploads\/2015\/07\/HiverMousselard-slide-300x157.jpg 300w\" sizes=\"auto, (max-width: 690px) 100vw, 690px\" \/><div class=\"wp-block-cover__inner-container is-layout-constrained wp-block-cover-is-layout-constrained\">\n<h1 class=\"wp-block-heading has-text-align-center has-large-font-size\"><em><mark style=\"background-color:var(--ast-global-color-3)\" class=\"has-inline-color has-ast-global-color-4-color\"> Contactez-nous : <\/mark><\/em><\/h1>\n<\/div><\/div>\n\n\n\n<div style=\"height:30px\" aria-hidden=\"true\" class=\"wp-block-spacer\"><\/div>\n\n\n<div style=\"float: right; padding-left: 20px;\">\u00a0<\/div>\n<div role=\"form\" class=\"wpcf7\" id=\"wpcf7-f2196-o1\" lang=\"fr-FR\" dir=\"ltr\">\n<div class=\"screen-reader-response\"><\/div>\n<form action=\"\/en\/wp-json\/wp\/v2\/pages\/2193#wpcf7-f2196-o1\" method=\"post\" class=\"wpcf7-form\" novalidate=\"novalidate\">\n<div style=\"display: none;\">\n<input type=\"hidden\" name=\"_wpcf7\" value=\"2196\" \/>\n<input type=\"hidden\" name=\"_wpcf7_version\" value=\"5.1.7\" \/>\n<input type=\"hidden\" name=\"_wpcf7_locale\" value=\"fr_FR\" \/>\n<input type=\"hidden\" name=\"_wpcf7_unit_tag\" value=\"wpcf7-f2196-o1\" \/>\n<input type=\"hidden\" name=\"_wpcf7_container_post\" value=\"0\" \/>\n<\/div>\n<p>Votre nom (obligatoire)<br \/>\n    <span class=\"wpcf7-form-control-wrap your-name\"><input type=\"text\" name=\"your-name\" value=\"\" size=\"40\" class=\"wpcf7-form-control wpcf7-text wpcf7-validates-as-required\" aria-required=\"true\" aria-invalid=\"false\" \/><\/span> <\/p>\n<p>Votre email (obligatoire)<br \/>\n    <span class=\"wpcf7-form-control-wrap your-email\"><input type=\"email\" name=\"your-email\" value=\"\" size=\"40\" class=\"wpcf7-form-control wpcf7-text wpcf7-email wpcf7-validates-as-required wpcf7-validates-as-email\" aria-required=\"true\" aria-invalid=\"false\" \/><\/span> <\/p>\n<p>Sujet<br \/>\n    <span class=\"wpcf7-form-control-wrap your-subject\"><input type=\"text\" name=\"your-subject\" value=\"\" size=\"40\" class=\"wpcf7-form-control wpcf7-text wpcf7-validates-as-required\" aria-required=\"true\" aria-invalid=\"false\" \/><\/span> <\/p>\n<p>Votre message<br \/>\n    <span class=\"wpcf7-form-control-wrap your-message\"><textarea name=\"your-message\" cols=\"40\" rows=\"10\" class=\"wpcf7-form-control wpcf7-textarea\" aria-invalid=\"false\"><\/textarea><\/span> <\/p>\n<p><input type=\"submit\" value=\"Envoyer\" class=\"wpcf7-form-control wpcf7-submit\" \/><\/p>\n<div class=\"wpcf7-response-output wpcf7-display-none\"><\/div><\/form><\/div>","protected":false},"excerpt":{"rendered":"<p>\u00a0<\/p>\n","protected":false},"author":1,"featured_media":0,"parent":0,"menu_order":0,"comment_status":"closed","ping_status":"closed","template":"","meta":{"site-sidebar-layout":"default","site-content-layout":"","ast-site-content-layout":"","site-content-style":"default","site-sidebar-style":"default","ast-global-header-display":"","ast-banner-title-visibility":"","ast-main-header-display":"","ast-hfb-above-header-display":"","ast-hfb-below-header-display":"","ast-hfb-mobile-header-display":"","site-post-title":"disabled","ast-breadcrumbs-content":"","ast-featured-img":"","footer-sml-layout":"","theme-transparent-header-meta":"","adv-header-id-meta":"","stick-header-meta":"","header-above-stick-meta":"","header-main-stick-meta":"","header-below-stick-meta":"","astra-migrate-meta-layouts":"default","ast-page-background-enabled":"default","ast-page-background-meta":{"desktop":{"background-color":"var(--ast-global-color-5)","background-image":"","background-repeat":"repeat","background-position":"center center","background-size":"auto","background-attachment":"scroll","background-type":"","background-media":"","overlay-type":"","overlay-color":"","overlay-opacity":"","overlay-gradient":""},"tablet":{"background-color":"","background-image":"","background-repeat":"repeat","background-position":"center center","background-size":"auto","background-attachment":"scroll","background-type":"","background-media":"","overlay-type":"","overlay-color":"","overlay-opacity":"","overlay-gradient":""},"mobile":{"background-color":"","background-image":"","background-repeat":"repeat","background-position":"center center","background-size":"auto","background-attachment":"scroll","background-type":"","background-media":"","overlay-type":"","overlay-color":"","overlay-opacity":"","overlay-gradient":""}},"ast-content-background-meta":{"desktop":{"background-color":"var(--ast-global-color-4)","background-image":"","background-repeat":"repeat","background-position":"center center","background-size":"auto","background-attachment":"scroll","background-type":"","background-media":"","overlay-type":"","overlay-color":"","overlay-opacity":"","overlay-gradient":""},"tablet":{"background-color":"var(--ast-global-color-4)","background-image":"","background-repeat":"repeat","background-position":"center center","background-size":"auto","background-attachment":"scroll","background-type":"","background-media":"","overlay-type":"","overlay-color":"","overlay-opacity":"","overlay-gradient":""},"mobile":{"background-color":"var(--ast-global-color-4)","background-image":"","background-repeat":"repeat","background-position":"center center","background-size":"auto","background-attachment":"scroll","background-type":"","background-media":"","overlay-type":"","overlay-color":"","overlay-opacity":"","overlay-gradient":""}},"footnotes":""},"class_list":["post-2193","page","type-page","status-publish","hentry"],"yoast_head":"<!-- This site is optimized with the Yoast SEO plugin v24.6 - https:\/\/yoast.com\/wordpress\/plugins\/seo\/ -->\n<title>Please contact us for any kind of information.<\/title>\n<meta name=\"description\" content=\"Vous voulez en savoir plus sur notre g\u00eete, les modalit\u00e9s de r\u00e9servation, l&#039;itin\u00e9raire... Contactez-nous et nous vous r\u00e9pondons dans les plus brefs d\u00e9lais.\" \/>\n<meta name=\"robots\" content=\"index, follow, max-snippet:-1, max-image-preview:large, max-video-preview:-1\" \/>\n<link rel=\"canonical\" href=\"https:\/\/gite.fudral.com\/contact\/\" \/>\n<meta property=\"og:locale\" content=\"en_US\" \/>\n<meta property=\"og:type\" content=\"article\" \/>\n<meta property=\"og:title\" content=\"[:fr]Contactez-nous pour toute information[:en]Please contact us for any kind of information.[:]\" \/>\n<meta property=\"og:description\" content=\"Vous voulez en savoir plus sur notre g\u00eete, les modalit\u00e9s de r\u00e9servation, l&#039;itin\u00e9raire... Contactez-nous et nous vous r\u00e9pondons dans les plus brefs d\u00e9lais.\" \/>\n<meta property=\"og:url\" content=\"https:\/\/gite.fudral.com\/contact\/\" \/>\n<meta property=\"og:site_name\" content=\"Les Ecombelles\" \/>\n<meta property=\"article:modified_time\" content=\"2025-03-14T11:43:17+00:00\" \/>\n<meta property=\"og:image\" content=\"https:\/\/gite.fudral.com\/wp-content\/uploads\/2015\/07\/HiverMousselard-slide.jpg\" \/>\n\t<meta property=\"og:image:width\" content=\"690\" \/>\n\t<meta property=\"og:image:height\" content=\"361\" \/>\n\t<meta property=\"og:image:type\" content=\"image\/jpeg\" \/>\n<meta name=\"twitter:card\" content=\"summary_large_image\" \/>\n<meta name=\"twitter:label1\" content=\"Est. reading time\" \/>\n\t<meta name=\"twitter:data1\" content=\"1 minute\" \/>\n<script type=\"application\/ld+json\" class=\"yoast-schema-graph\">{\"@context\":\"https:\/\/schema.org\",\"@graph\":[{\"@type\":\"WebPage\",\"@id\":\"https:\/\/gite.fudral.com\/contact\/\",\"url\":\"https:\/\/gite.fudral.com\/contact\/\",\"name\":\"[:fr]Contactez-nous pour toute information[:en]Please contact us for any kind of information.[:]\",\"isPartOf\":{\"@id\":\"https:\/\/gite.fudral.com\/#website\"},\"primaryImageOfPage\":{\"@id\":\"https:\/\/gite.fudral.com\/contact\/#primaryimage\"},\"image\":{\"@id\":\"https:\/\/gite.fudral.com\/contact\/#primaryimage\"},\"thumbnailUrl\":\"https:\/\/gite.fudral.com\/wp-content\/uploads\/2015\/07\/HiverMousselard-slide.jpg\",\"datePublished\":\"2015-08-30T16:59:53+00:00\",\"dateModified\":\"2025-03-14T11:43:17+00:00\",\"description\":\"Vous voulez en savoir plus sur notre g\u00eete, les modalit\u00e9s de r\u00e9servation, l'itin\u00e9raire... Contactez-nous et nous vous r\u00e9pondons dans les plus brefs d\u00e9lais.\",\"breadcrumb\":{\"@id\":\"https:\/\/gite.fudral.com\/contact\/#breadcrumb\"},\"inLanguage\":\"en-US\",\"potentialAction\":[{\"@type\":\"ReadAction\",\"target\":[\"https:\/\/gite.fudral.com\/contact\/\"]}]},{\"@type\":\"ImageObject\",\"inLanguage\":\"en-US\",\"@id\":\"https:\/\/gite.fudral.com\/contact\/#primaryimage\",\"url\":\"https:\/\/gite.fudral.com\/wp-content\/uploads\/2015\/07\/HiverMousselard-slide.jpg\",\"contentUrl\":\"https:\/\/gite.fudral.com\/wp-content\/uploads\/2015\/07\/HiverMousselard-slide.jpg\"},{\"@type\":\"BreadcrumbList\",\"@id\":\"https:\/\/gite.fudral.com\/contact\/#breadcrumb\",\"itemListElement\":[{\"@type\":\"ListItem\",\"position\":1,\"name\":\"Accueil\",\"item\":\"https:\/\/gite.fudral.com\/\"},{\"@type\":\"ListItem\",\"position\":2,\"name\":\"Contact\"}]},{\"@type\":\"WebSite\",\"@id\":\"https:\/\/gite.fudral.com\/#website\",\"url\":\"https:\/\/gite.fudral.com\/\",\"name\":\"Les Ecombelles\",\"description\":\"G\u00eete de France - Savoie Tarentaise\",\"publisher\":{\"@id\":\"https:\/\/gite.fudral.com\/#organization\"},\"potentialAction\":[{\"@type\":\"SearchAction\",\"target\":{\"@type\":\"EntryPoint\",\"urlTemplate\":\"https:\/\/gite.fudral.com\/?s={search_term_string}\"},\"query-input\":{\"@type\":\"PropertyValueSpecification\",\"valueRequired\":true,\"valueName\":\"search_term_string\"}}],\"inLanguage\":\"en-US\"},{\"@type\":\"Organization\",\"@id\":\"https:\/\/gite.fudral.com\/#organization\",\"name\":\"Les Ecombelles\",\"url\":\"https:\/\/gite.fudral.com\/\",\"logo\":{\"@type\":\"ImageObject\",\"inLanguage\":\"en-US\",\"@id\":\"https:\/\/gite.fudral.com\/#\/schema\/logo\/image\/\",\"url\":\"https:\/\/gite.fudral.com\/wp-content\/uploads\/2025\/03\/cropped-EcombellesGiteTarentaise.png\",\"contentUrl\":\"https:\/\/gite.fudral.com\/wp-content\/uploads\/2025\/03\/cropped-EcombellesGiteTarentaise.png\",\"width\":493,\"height\":229,\"caption\":\"Les Ecombelles\"},\"image\":{\"@id\":\"https:\/\/gite.fudral.com\/#\/schema\/logo\/image\/\"}}]}<\/script>\n<!-- \/ Yoast SEO plugin. -->","yoast_head_json":{"title":"Please contact us for any kind of information.","description":"Vous voulez en savoir plus sur notre g\u00eete, les modalit\u00e9s de r\u00e9servation, l'itin\u00e9raire... Contactez-nous et nous vous r\u00e9pondons dans les plus brefs d\u00e9lais.","robots":{"index":"index","follow":"follow","max-snippet":"max-snippet:-1","max-image-preview":"max-image-preview:large","max-video-preview":"max-video-preview:-1"},"canonical":"https:\/\/gite.fudral.com\/contact\/","og_locale":"en_US","og_type":"article","og_title":"[:fr]Contactez-nous pour toute information[:en]Please contact us for any kind of information.[:]","og_description":"Vous voulez en savoir plus sur notre g\u00eete, les modalit\u00e9s de r\u00e9servation, l'itin\u00e9raire... Contactez-nous et nous vous r\u00e9pondons dans les plus brefs d\u00e9lais.","og_url":"https:\/\/gite.fudral.com\/contact\/","og_site_name":"Les Ecombelles","article_modified_time":"2025-03-14T11:43:17+00:00","og_image":[{"width":690,"height":361,"url":"https:\/\/gite.fudral.com\/wp-content\/uploads\/2015\/07\/HiverMousselard-slide.jpg","type":"image\/jpeg"}],"twitter_card":"summary_large_image","twitter_misc":{"Est. reading time":"1 minute"},"schema":{"@context":"https:\/\/schema.org","@graph":[{"@type":"WebPage","@id":"https:\/\/gite.fudral.com\/contact\/","url":"https:\/\/gite.fudral.com\/contact\/","name":"[:fr]Contactez-nous pour toute information[:en]Please contact us for any kind of information.[:]","isPartOf":{"@id":"https:\/\/gite.fudral.com\/#website"},"primaryImageOfPage":{"@id":"https:\/\/gite.fudral.com\/contact\/#primaryimage"},"image":{"@id":"https:\/\/gite.fudral.com\/contact\/#primaryimage"},"thumbnailUrl":"https:\/\/gite.fudral.com\/wp-content\/uploads\/2015\/07\/HiverMousselard-slide.jpg","datePublished":"2015-08-30T16:59:53+00:00","dateModified":"2025-03-14T11:43:17+00:00","description":"Vous voulez en savoir plus sur notre g\u00eete, les modalit\u00e9s de r\u00e9servation, l'itin\u00e9raire... Contactez-nous et nous vous r\u00e9pondons dans les plus brefs d\u00e9lais.","breadcrumb":{"@id":"https:\/\/gite.fudral.com\/contact\/#breadcrumb"},"inLanguage":"en-US","potentialAction":[{"@type":"ReadAction","target":["https:\/\/gite.fudral.com\/contact\/"]}]},{"@type":"ImageObject","inLanguage":"en-US","@id":"https:\/\/gite.fudral.com\/contact\/#primaryimage","url":"https:\/\/gite.fudral.com\/wp-content\/uploads\/2015\/07\/HiverMousselard-slide.jpg","contentUrl":"https:\/\/gite.fudral.com\/wp-content\/uploads\/2015\/07\/HiverMousselard-slide.jpg"},{"@type":"BreadcrumbList","@id":"https:\/\/gite.fudral.com\/contact\/#breadcrumb","itemListElement":[{"@type":"ListItem","position":1,"name":"Accueil","item":"https:\/\/gite.fudral.com\/"},{"@type":"ListItem","position":2,"name":"Contact"}]},{"@type":"WebSite","@id":"https:\/\/gite.fudral.com\/#website","url":"https:\/\/gite.fudral.com\/","name":"Les Ecombelles","description":"G\u00eete de France - Savoie Tarentaise","publisher":{"@id":"https:\/\/gite.fudral.com\/#organization"},"potentialAction":[{"@type":"SearchAction","target":{"@type":"EntryPoint","urlTemplate":"https:\/\/gite.fudral.com\/?s={search_term_string}"},"query-input":{"@type":"PropertyValueSpecification","valueRequired":true,"valueName":"search_term_string"}}],"inLanguage":"en-US"},{"@type":"Organization","@id":"https:\/\/gite.fudral.com\/#organization","name":"Les Ecombelles","url":"https:\/\/gite.fudral.com\/","logo":{"@type":"ImageObject","inLanguage":"en-US","@id":"https:\/\/gite.fudral.com\/#\/schema\/logo\/image\/","url":"https:\/\/gite.fudral.com\/wp-content\/uploads\/2025\/03\/cropped-EcombellesGiteTarentaise.png","contentUrl":"https:\/\/gite.fudral.com\/wp-content\/uploads\/2025\/03\/cropped-EcombellesGiteTarentaise.png","width":493,"height":229,"caption":"Les Ecombelles"},"image":{"@id":"https:\/\/gite.fudral.com\/#\/schema\/logo\/image\/"}}]}},"_links":{"self":[{"href":"https:\/\/gite.fudral.com\/en\/wp-json\/wp\/v2\/pages\/2193","targetHints":{"allow":["GET"]}}],"collection":[{"href":"https:\/\/gite.fudral.com\/en\/wp-json\/wp\/v2\/pages"}],"about":[{"href":"https:\/\/gite.fudral.com\/en\/wp-json\/wp\/v2\/types\/page"}],"author":[{"embeddable":true,"href":"https:\/\/gite.fudral.com\/en\/wp-json\/wp\/v2\/users\/1"}],"replies":[{"embeddable":true,"href":"https:\/\/gite.fudral.com\/en\/wp-json\/wp\/v2\/comments?post=2193"}],"version-history":[{"count":13,"href":"https:\/\/gite.fudral.com\/en\/wp-json\/wp\/v2\/pages\/2193\/revisions"}],"predecessor-version":[{"id":4915,"href":"https:\/\/gite.fudral.com\/en\/wp-json\/wp\/v2\/pages\/2193\/revisions\/4915"}],"wp:attachment":[{"href":"https:\/\/gite.fudral.com\/en\/wp-json\/wp\/v2\/media?parent=2193"}],"curies":[{"name":"wp","href":"https:\/\/api.w.org\/{rel}","templated":true}]}}