{"id":2095,"date":"2015-07-05T21:47:49","date_gmt":"2015-07-05T20:47:49","guid":{"rendered":"http:\/\/gite.fudral.com\/?page_id=2095"},"modified":"2025-03-17T21:58:15","modified_gmt":"2025-03-17T20:58:15","slug":"plan-acces","status":"publish","type":"page","link":"https:\/\/gite.fudral.com\/en\/plan-acces\/","title":{"rendered":"Access and mountain forecast"},"content":{"rendered":"<p><\/p>\n<figure id=\"attachment_4240\" aria-describedby=\"caption-attachment-4240\" style=\"width: 1940px\" class=\"wp-caption aligncenter\"><a href=\"http:\/\/gite.fudral.com\/wp-content\/uploads\/2018\/07\/Les-Ecombelles-Plan-acces-depuis-Bourg-Saint-Maurice.png\"><img loading=\"lazy\" decoding=\"async\" class=\"size-full wp-image-4240\" src=\"http:\/\/gite.fudral.com\/wp-content\/uploads\/2018\/07\/Les-Ecombelles-Plan-acces-depuis-Bourg-Saint-Maurice.png\" alt=\"Les Ecombelles - Access from Bourg Saint Maurice\" width=\"1940\" height=\"858\" srcset=\"https:\/\/gite.fudral.com\/wp-content\/uploads\/2018\/07\/Les-Ecombelles-Plan-acces-depuis-Bourg-Saint-Maurice.png 1940w, https:\/\/gite.fudral.com\/wp-content\/uploads\/2018\/07\/Les-Ecombelles-Plan-acces-depuis-Bourg-Saint-Maurice-300x133.png 300w, https:\/\/gite.fudral.com\/wp-content\/uploads\/2018\/07\/Les-Ecombelles-Plan-acces-depuis-Bourg-Saint-Maurice-768x340.png 768w, https:\/\/gite.fudral.com\/wp-content\/uploads\/2018\/07\/Les-Ecombelles-Plan-acces-depuis-Bourg-Saint-Maurice-1024x453.png 1024w\" sizes=\"auto, (max-width: 1940px) 100vw, 1940px\" \/><\/a><figcaption id=\"caption-attachment-4240\" class=\"wp-caption-text\">Les Ecombelles &#8211; Access from Bourg Saint Maurice<\/figcaption><\/figure>\n<h1>GPS:<\/h1>\n<p>Le Mousselard, 73700 Montvalezan, France<br \/>\nLatitude: 45.610679 | Longitude: 6.866926<br \/>\nAltitude: 1350 m\u00e8tres<\/p>\n<div style=\"float: right; padding-left: 20px;\"><iframe loading=\"lazy\" style=\"border: 0;\" src=\"https:\/\/www.google.com\/maps\/embed?pb=!1m28!1m12!1m3!1d22329.096864021787!2d6.811269771773266!3d45.60788861871377!2m3!1f0!2f0!3f0!3m2!1i1024!2i768!4f13.1!4m13!3e0!4m5!1s0x4789663482257639%3A0x408ab2ae4bab6b0!2sBourg-Saint-Maurice!3m2!1d45.618598!2d6.7695479999999995!4m5!1s0x47896c10691d2983%3A0xab52863ff3bfbdb1!2sLe+Mousselard%2C+73700+Montvalezan!3m2!1d45.610679!2d6.866925999999999!5e0!3m2!1sfr!2sfr!4v1531823691705\" width=\"600\" height=\"450\" frameborder=\"0\" allowfullscreen=\"allowfullscreen\"><\/iframe><a href=\"https:\/\/goo.gl\/maps\/R68ZiPWjGWF2\" target=\"_blank\" rel=\"noopener noreferrer\">Les Ecombelles &#8211; Access from Bourg Saint Maurice<\/a><\/div>\n<h1>Bourg-Saint-Maurice access:<\/h1>\n<p><img decoding=\"async\" src=\"\/wp-content\/uploads\/2015\/08\/icone-voiture.png\" alt=\"icone-voiture\" \/>\u00a0\u00a0 <strong>By car<\/strong><br \/>\nMotorway (A43) till Albertville, then national road (RN90) through Moutiers. About 1h15.<\/p>\n<p><img decoding=\"async\" src=\"\/wp-content\/uploads\/2015\/08\/icone-train.png\" alt=\"icone-train\" \/>\u00a0\u00a0<strong> By train<\/strong><br \/>\nRegular trains from Paris, Lyon, Chamb\u00e9ry&#8230; Terminus at Bourg-Saint-Maurice.<\/p>\n<p><img decoding=\"async\" src=\"\/wp-content\/uploads\/2015\/08\/icone-avion.png\" alt=\"icone-avion\" \/>\u00a0 <strong>By plane<\/strong><br \/>\nChamb\u00e9ry-Savoie or Lyon Saint-Exup\u00e9ry international airports.<\/p>\n<h2><strong>Cottage access:<\/strong><\/h2>\n<p>By car from Bourg-Saint-Maurice, go to Seez \/ La Rosi\u00e8re.<br \/>\nAfter Seez \/ Villard-dessus, branch off up to Montvalezan.<br \/>\nReach the Mousselard village after a few sharp bends.<\/p>\n<h2><strong>Caution!<\/strong><\/h2>\n<p><strong>In winter, the Petit-Saint-Bernard pass is closed. Make sure you check snow conditions and weather forecast.<\/strong><\/p>\n<p><strong>&gt; <a href=\"http:\/\/savoie-route.fr\/fr\/conseils\" target=\"_blank\" rel=\"noopener noreferrer\">Infos traffic Savoie<\/a><\/strong><br \/>\n<strong> &gt; <a href=\"http:\/\/www.bison-fute.gouv.fr\/index,langen.html\" target=\"_blank\" rel=\"noopener noreferrer\">Infos traffic France<\/a><\/strong><br \/>\n<strong> &gt; <a href=\"http:\/\/www.meteofrance.com\/previsions-meteo-montagne\/la-rosiere-1850\/731761\" target=\"_blank\" rel=\"noopener noreferrer\">M\u00e9t\u00e9o france<\/a><\/strong><br \/>\n<strong> &gt; <a href=\"http:\/\/www.larosiere.net\/en\/live-en\/weather-forecast\/\" target=\"_blank\" rel=\"noopener noreferrer\">Snow forecast La Rosi\u00e8re<\/a><\/strong><br \/>\n<strong> &gt; <a href=\"http:\/\/gite.fudral.com\/en\/en-montagne\/sportifs\/precautions-hivernales-en-images-et-jeu-video\/\" target=\"_self\" rel=\"noopener noreferrer\">Winter cautions<\/a><\/strong><\/p>\n<p><strong>&gt; More details on <a href=\"http:\/\/www.savoie-mont-blanc.com\/en\/Planning-your-holiday\/Practical-information\/How-to-get-here\" target=\"_blank\" rel=\"noopener noreferrer\">Savoy Mont-Blanc Tourism Office<\/a><\/strong><\/p>\n<p>Last but not least, the tourism office gives you <a href=\"http:\/\/www.savoie-mont-blanc.com\/en\/Practical-information\/Tips-advice\" target=\"_blank\" rel=\"noopener noreferrer\"><strong>the right check-list to prepare your trip<\/strong><\/a>.<\/p>\n<figure id=\"attachment_2819\" aria-describedby=\"caption-attachment-2819\" style=\"width: 500px\" class=\"wp-caption alignleft\"><a href=\"http:\/\/gite.fudral.com\/wp-content\/uploads\/2016\/03\/IMG_2245.jpg\"><img decoding=\"async\" class=\"wp-image-2819 \" title=\"Le village du Mousselard\" src=\"http:\/\/gite.fudral.com\/wp-content\/uploads\/2016\/03\/IMG_2245.jpg\" alt=\"Le village du Mousselard\" width=\"500\" srcset=\"https:\/\/gite.fudral.com\/wp-content\/uploads\/2016\/03\/IMG_2245.jpg 3072w, https:\/\/gite.fudral.com\/wp-content\/uploads\/2016\/03\/IMG_2245-300x225.jpg 300w, https:\/\/gite.fudral.com\/wp-content\/uploads\/2016\/03\/IMG_2245-1024x768.jpg 1024w, https:\/\/gite.fudral.com\/wp-content\/uploads\/2016\/03\/IMG_2245-200x150.jpg 200w\" sizes=\"(max-width: 3072px) 100vw, 3072px\" \/><\/a><figcaption id=\"caption-attachment-2819\" class=\"wp-caption-text\">The village from the last lace.<\/figcaption><\/figure>\n<figure id=\"attachment_2818\" aria-describedby=\"caption-attachment-2818\" style=\"width: 500px\" class=\"wp-caption alignleft\"><a href=\"http:\/\/gite.fudral.com\/wp-content\/uploads\/2016\/03\/IMG_2241.jpg\"><img decoding=\"async\" class=\"wp-image-2818\" title=\"Arriv\u00e9e au Mousselard\" src=\"http:\/\/gite.fudral.com\/wp-content\/uploads\/2016\/03\/IMG_2241.jpg\" alt=\"Le Mousselard\" width=\"500\" srcset=\"https:\/\/gite.fudral.com\/wp-content\/uploads\/2016\/03\/IMG_2241.jpg 3072w, https:\/\/gite.fudral.com\/wp-content\/uploads\/2016\/03\/IMG_2241-300x225.jpg 300w, https:\/\/gite.fudral.com\/wp-content\/uploads\/2016\/03\/IMG_2241-1024x768.jpg 1024w, https:\/\/gite.fudral.com\/wp-content\/uploads\/2016\/03\/IMG_2241-200x150.jpg 200w\" sizes=\"(max-width: 3072px) 100vw, 3072px\" \/><\/a><figcaption id=\"caption-attachment-2818\" class=\"wp-caption-text\">Arriving at the village.<\/figcaption><\/figure>\n<p><\/p>","protected":false},"excerpt":{"rendered":"<p>GPS: Le Mousselard, 73700 Montvalezan, France Latitude: 45.610679 | Longitude: 6.866926 Altitude: 1350 m\u00e8tres Les Ecombelles &#8211; Access from Bourg [&hellip;]<\/p>\n","protected":false},"author":1,"featured_media":0,"parent":0,"menu_order":0,"comment_status":"closed","ping_status":"open","template":"","meta":{"site-sidebar-layout":"default","site-content-layout":"","ast-site-content-layout":"","site-content-style":"default","site-sidebar-style":"default","ast-global-header-display":"","ast-banner-title-visibility":"","ast-main-header-display":"","ast-hfb-above-header-display":"","ast-hfb-below-header-display":"","ast-hfb-mobile-header-display":"","site-post-title":"","ast-breadcrumbs-content":"","ast-featured-img":"","footer-sml-layout":"","theme-transparent-header-meta":"","adv-header-id-meta":"","stick-header-meta":"","header-above-stick-meta":"","header-main-stick-meta":"","header-below-stick-meta":"","astra-migrate-meta-layouts":"default","ast-page-background-enabled":"default","ast-page-background-meta":{"desktop":{"background-color":"var(--ast-global-color-5)","background-image":"","background-repeat":"repeat","background-position":"center center","background-size":"auto","background-attachment":"scroll","background-type":"","background-media":"","overlay-type":"","overlay-color":"","overlay-opacity":"","overlay-gradient":""},"tablet":{"background-color":"","background-image":"","background-repeat":"repeat","background-position":"center center","background-size":"auto","background-attachment":"scroll","background-type":"","background-media":"","overlay-type":"","overlay-color":"","overlay-opacity":"","overlay-gradient":""},"mobile":{"background-color":"","background-image":"","background-repeat":"repeat","background-position":"center center","background-size":"auto","background-attachment":"scroll","background-type":"","background-media":"","overlay-type":"","overlay-color":"","overlay-opacity":"","overlay-gradient":""}},"ast-content-background-meta":{"desktop":{"background-color":"var(--ast-global-color-4)","background-image":"","background-repeat":"repeat","background-position":"center center","background-size":"auto","background-attachment":"scroll","background-type":"","background-media":"","overlay-type":"","overlay-color":"","overlay-opacity":"","overlay-gradient":""},"tablet":{"background-color":"var(--ast-global-color-4)","background-image":"","background-repeat":"repeat","background-position":"center center","background-size":"auto","background-attachment":"scroll","background-type":"","background-media":"","overlay-type":"","overlay-color":"","overlay-opacity":"","overlay-gradient":""},"mobile":{"background-color":"var(--ast-global-color-4)","background-image":"","background-repeat":"repeat","background-position":"center center","background-size":"auto","background-attachment":"scroll","background-type":"","background-media":"","overlay-type":"","overlay-color":"","overlay-opacity":"","overlay-gradient":""}},"footnotes":""},"class_list":["post-2095","page","type-page","status-publish","hentry"],"yoast_head":"<!-- This site is optimized with the Yoast SEO plugin v24.6 - https:\/\/yoast.com\/wordpress\/plugins\/seo\/ -->\n<title>Plan d&#039;acc\u00e8s au g\u00eete les Ecombelles au Mousselard<\/title>\n<meta name=\"description\" content=\"Depuis Bourg-Saint-Maurice, prendre la direction S\u00e9ez \/ La Rosi\u00e8re. Puis apr\u00e8s S\u00e9ez \/ Villard-dessus, prendre la bifurcation Montvalezan.\" \/>\n<meta name=\"robots\" content=\"index, follow, max-snippet:-1, max-image-preview:large, max-video-preview:-1\" \/>\n<link rel=\"canonical\" href=\"https:\/\/gite.fudral.com\/plan-acces\/\" \/>\n<meta property=\"og:locale\" content=\"en_US\" \/>\n<meta property=\"og:type\" content=\"article\" \/>\n<meta property=\"og:title\" content=\"Plan d&#039;acc\u00e8s au g\u00eete les Ecombelles au Mousselard\" \/>\n<meta property=\"og:description\" content=\"Depuis Bourg-Saint-Maurice, prendre la direction S\u00e9ez \/ La Rosi\u00e8re. Puis apr\u00e8s S\u00e9ez \/ Villard-dessus, prendre la bifurcation Montvalezan.\" \/>\n<meta property=\"og:url\" content=\"https:\/\/gite.fudral.com\/plan-acces\/\" \/>\n<meta property=\"og:site_name\" content=\"Les Ecombelles\" \/>\n<meta property=\"article:modified_time\" content=\"2025-03-17T20:58:15+00:00\" \/>\n<meta property=\"og:image\" content=\"https:\/\/gite.fudral.com\/wp-content\/uploads\/2018\/07\/Les-Ecombelles-Plan-acces-depuis-Bourg-Saint-Maurice.png\" \/>\n\t<meta property=\"og:image:width\" content=\"1940\" \/>\n\t<meta property=\"og:image:height\" content=\"858\" \/>\n\t<meta property=\"og:image:type\" content=\"image\/png\" \/>\n<meta name=\"twitter:card\" content=\"summary_large_image\" \/>\n<meta name=\"twitter:label1\" content=\"Est. reading time\" \/>\n\t<meta name=\"twitter:data1\" content=\"6 minutes\" \/>\n<script type=\"application\/ld+json\" class=\"yoast-schema-graph\">{\"@context\":\"https:\/\/schema.org\",\"@graph\":[{\"@type\":\"WebPage\",\"@id\":\"https:\/\/gite.fudral.com\/plan-acces\/\",\"url\":\"https:\/\/gite.fudral.com\/plan-acces\/\",\"name\":\"Plan d'acc\u00e8s au g\u00eete les Ecombelles au Mousselard\",\"isPartOf\":{\"@id\":\"https:\/\/gite.fudral.com\/#website\"},\"primaryImageOfPage\":{\"@id\":\"https:\/\/gite.fudral.com\/plan-acces\/#primaryimage\"},\"image\":{\"@id\":\"https:\/\/gite.fudral.com\/plan-acces\/#primaryimage\"},\"thumbnailUrl\":\"https:\/\/gite.fudral.com\/wp-content\/uploads\/2018\/07\/Les-Ecombelles-Plan-acces-depuis-Bourg-Saint-Maurice.png\",\"datePublished\":\"2015-07-05T20:47:49+00:00\",\"dateModified\":\"2025-03-17T20:58:15+00:00\",\"description\":\"Depuis Bourg-Saint-Maurice, prendre la direction S\u00e9ez \/ La Rosi\u00e8re. Puis apr\u00e8s S\u00e9ez \/ Villard-dessus, prendre la bifurcation Montvalezan.\",\"breadcrumb\":{\"@id\":\"https:\/\/gite.fudral.com\/plan-acces\/#breadcrumb\"},\"inLanguage\":\"en-US\",\"potentialAction\":[{\"@type\":\"ReadAction\",\"target\":[\"https:\/\/gite.fudral.com\/plan-acces\/\"]}]},{\"@type\":\"ImageObject\",\"inLanguage\":\"en-US\",\"@id\":\"https:\/\/gite.fudral.com\/plan-acces\/#primaryimage\",\"url\":\"https:\/\/gite.fudral.com\/wp-content\/uploads\/2018\/07\/Les-Ecombelles-Plan-acces-depuis-Bourg-Saint-Maurice.png\",\"contentUrl\":\"https:\/\/gite.fudral.com\/wp-content\/uploads\/2018\/07\/Les-Ecombelles-Plan-acces-depuis-Bourg-Saint-Maurice.png\"},{\"@type\":\"BreadcrumbList\",\"@id\":\"https:\/\/gite.fudral.com\/plan-acces\/#breadcrumb\",\"itemListElement\":[{\"@type\":\"ListItem\",\"position\":1,\"name\":\"Accueil\",\"item\":\"https:\/\/gite.fudral.com\/\"},{\"@type\":\"ListItem\",\"position\":2,\"name\":\"Acc\u00e8s et informations montagne\"}]},{\"@type\":\"WebSite\",\"@id\":\"https:\/\/gite.fudral.com\/#website\",\"url\":\"https:\/\/gite.fudral.com\/\",\"name\":\"Les Ecombelles\",\"description\":\"G\u00eete de France - Savoie Tarentaise\",\"publisher\":{\"@id\":\"https:\/\/gite.fudral.com\/#organization\"},\"potentialAction\":[{\"@type\":\"SearchAction\",\"target\":{\"@type\":\"EntryPoint\",\"urlTemplate\":\"https:\/\/gite.fudral.com\/?s={search_term_string}\"},\"query-input\":{\"@type\":\"PropertyValueSpecification\",\"valueRequired\":true,\"valueName\":\"search_term_string\"}}],\"inLanguage\":\"en-US\"},{\"@type\":\"Organization\",\"@id\":\"https:\/\/gite.fudral.com\/#organization\",\"name\":\"Les Ecombelles\",\"url\":\"https:\/\/gite.fudral.com\/\",\"logo\":{\"@type\":\"ImageObject\",\"inLanguage\":\"en-US\",\"@id\":\"https:\/\/gite.fudral.com\/#\/schema\/logo\/image\/\",\"url\":\"https:\/\/gite.fudral.com\/wp-content\/uploads\/2025\/03\/cropped-EcombellesGiteTarentaise.png\",\"contentUrl\":\"https:\/\/gite.fudral.com\/wp-content\/uploads\/2025\/03\/cropped-EcombellesGiteTarentaise.png\",\"width\":493,\"height\":229,\"caption\":\"Les Ecombelles\"},\"image\":{\"@id\":\"https:\/\/gite.fudral.com\/#\/schema\/logo\/image\/\"}}]}<\/script>\n<!-- \/ Yoast SEO plugin. -->","yoast_head_json":{"title":"Plan d'acc\u00e8s au g\u00eete les Ecombelles au Mousselard","description":"Depuis Bourg-Saint-Maurice, prendre la direction S\u00e9ez \/ La Rosi\u00e8re. Puis apr\u00e8s S\u00e9ez \/ Villard-dessus, prendre la bifurcation Montvalezan.","robots":{"index":"index","follow":"follow","max-snippet":"max-snippet:-1","max-image-preview":"max-image-preview:large","max-video-preview":"max-video-preview:-1"},"canonical":"https:\/\/gite.fudral.com\/plan-acces\/","og_locale":"en_US","og_type":"article","og_title":"Plan d'acc\u00e8s au g\u00eete les Ecombelles au Mousselard","og_description":"Depuis Bourg-Saint-Maurice, prendre la direction S\u00e9ez \/ La Rosi\u00e8re. Puis apr\u00e8s S\u00e9ez \/ Villard-dessus, prendre la bifurcation Montvalezan.","og_url":"https:\/\/gite.fudral.com\/plan-acces\/","og_site_name":"Les Ecombelles","article_modified_time":"2025-03-17T20:58:15+00:00","og_image":[{"width":1940,"height":858,"url":"https:\/\/gite.fudral.com\/wp-content\/uploads\/2018\/07\/Les-Ecombelles-Plan-acces-depuis-Bourg-Saint-Maurice.png","type":"image\/png"}],"twitter_card":"summary_large_image","twitter_misc":{"Est. reading time":"6 minutes"},"schema":{"@context":"https:\/\/schema.org","@graph":[{"@type":"WebPage","@id":"https:\/\/gite.fudral.com\/plan-acces\/","url":"https:\/\/gite.fudral.com\/plan-acces\/","name":"Plan d'acc\u00e8s au g\u00eete les Ecombelles au Mousselard","isPartOf":{"@id":"https:\/\/gite.fudral.com\/#website"},"primaryImageOfPage":{"@id":"https:\/\/gite.fudral.com\/plan-acces\/#primaryimage"},"image":{"@id":"https:\/\/gite.fudral.com\/plan-acces\/#primaryimage"},"thumbnailUrl":"https:\/\/gite.fudral.com\/wp-content\/uploads\/2018\/07\/Les-Ecombelles-Plan-acces-depuis-Bourg-Saint-Maurice.png","datePublished":"2015-07-05T20:47:49+00:00","dateModified":"2025-03-17T20:58:15+00:00","description":"Depuis Bourg-Saint-Maurice, prendre la direction S\u00e9ez \/ La Rosi\u00e8re. Puis apr\u00e8s S\u00e9ez \/ Villard-dessus, prendre la bifurcation Montvalezan.","breadcrumb":{"@id":"https:\/\/gite.fudral.com\/plan-acces\/#breadcrumb"},"inLanguage":"en-US","potentialAction":[{"@type":"ReadAction","target":["https:\/\/gite.fudral.com\/plan-acces\/"]}]},{"@type":"ImageObject","inLanguage":"en-US","@id":"https:\/\/gite.fudral.com\/plan-acces\/#primaryimage","url":"https:\/\/gite.fudral.com\/wp-content\/uploads\/2018\/07\/Les-Ecombelles-Plan-acces-depuis-Bourg-Saint-Maurice.png","contentUrl":"https:\/\/gite.fudral.com\/wp-content\/uploads\/2018\/07\/Les-Ecombelles-Plan-acces-depuis-Bourg-Saint-Maurice.png"},{"@type":"BreadcrumbList","@id":"https:\/\/gite.fudral.com\/plan-acces\/#breadcrumb","itemListElement":[{"@type":"ListItem","position":1,"name":"Accueil","item":"https:\/\/gite.fudral.com\/"},{"@type":"ListItem","position":2,"name":"Acc\u00e8s et informations montagne"}]},{"@type":"WebSite","@id":"https:\/\/gite.fudral.com\/#website","url":"https:\/\/gite.fudral.com\/","name":"Les Ecombelles","description":"G\u00eete de France - Savoie Tarentaise","publisher":{"@id":"https:\/\/gite.fudral.com\/#organization"},"potentialAction":[{"@type":"SearchAction","target":{"@type":"EntryPoint","urlTemplate":"https:\/\/gite.fudral.com\/?s={search_term_string}"},"query-input":{"@type":"PropertyValueSpecification","valueRequired":true,"valueName":"search_term_string"}}],"inLanguage":"en-US"},{"@type":"Organization","@id":"https:\/\/gite.fudral.com\/#organization","name":"Les Ecombelles","url":"https:\/\/gite.fudral.com\/","logo":{"@type":"ImageObject","inLanguage":"en-US","@id":"https:\/\/gite.fudral.com\/#\/schema\/logo\/image\/","url":"https:\/\/gite.fudral.com\/wp-content\/uploads\/2025\/03\/cropped-EcombellesGiteTarentaise.png","contentUrl":"https:\/\/gite.fudral.com\/wp-content\/uploads\/2025\/03\/cropped-EcombellesGiteTarentaise.png","width":493,"height":229,"caption":"Les Ecombelles"},"image":{"@id":"https:\/\/gite.fudral.com\/#\/schema\/logo\/image\/"}}]}},"_links":{"self":[{"href":"https:\/\/gite.fudral.com\/en\/wp-json\/wp\/v2\/pages\/2095","targetHints":{"allow":["GET"]}}],"collection":[{"href":"https:\/\/gite.fudral.com\/en\/wp-json\/wp\/v2\/pages"}],"about":[{"href":"https:\/\/gite.fudral.com\/en\/wp-json\/wp\/v2\/types\/page"}],"author":[{"embeddable":true,"href":"https:\/\/gite.fudral.com\/en\/wp-json\/wp\/v2\/users\/1"}],"replies":[{"embeddable":true,"href":"https:\/\/gite.fudral.com\/en\/wp-json\/wp\/v2\/comments?post=2095"}],"version-history":[{"count":90,"href":"https:\/\/gite.fudral.com\/en\/wp-json\/wp\/v2\/pages\/2095\/revisions"}],"predecessor-version":[{"id":5142,"href":"https:\/\/gite.fudral.com\/en\/wp-json\/wp\/v2\/pages\/2095\/revisions\/5142"}],"wp:attachment":[{"href":"https:\/\/gite.fudral.com\/en\/wp-json\/wp\/v2\/media?parent=2095"}],"curies":[{"name":"wp","href":"https:\/\/api.w.org\/{rel}","templated":true}]}}