{"id":203,"date":"2015-07-05T09:45:02","date_gmt":"2015-07-05T08:45:02","guid":{"rendered":"http:\/\/gite.fudral.com\/"},"modified":"2025-03-17T10:13:23","modified_gmt":"2025-03-17T09:13:23","slug":"accueil","status":"publish","type":"page","link":"https:\/\/gite.fudral.com\/en\/","title":{"rendered":"G\u00eete de Tarentaise &#8211; Les Ecombelles"},"content":{"rendered":"\n<div class=\"wp-block-cover is-light has-custom-content-position is-position-bottom-right\" style=\"min-height:100vh;aspect-ratio:unset;\"><span aria-hidden=\"true\" class=\"wp-block-cover__background has-background-dim\" style=\"background-color:#839082\"><\/span><img loading=\"lazy\" decoding=\"async\" width=\"2425\" height=\"2098\" class=\"wp-block-cover__image-background wp-image-2758\" alt=\"\" src=\"https:\/\/gite.fudral.com\/wp-content\/uploads\/2016\/02\/IMG_2323.jpg\" data-object-fit=\"cover\" srcset=\"https:\/\/gite.fudral.com\/wp-content\/uploads\/2016\/02\/IMG_2323.jpg 2425w, https:\/\/gite.fudral.com\/wp-content\/uploads\/2016\/02\/IMG_2323-300x260.jpg 300w, https:\/\/gite.fudral.com\/wp-content\/uploads\/2016\/02\/IMG_2323-1024x886.jpg 1024w\" sizes=\"auto, (max-width: 2425px) 100vw, 2425px\" \/><div class=\"wp-block-cover__inner-container is-layout-constrained wp-block-cover-is-layout-constrained\">\n<h1 class=\"wp-block-heading alignwide has-text-align-center has-large-font-size\"><strong><em><mark style=\"background-color:var(--ast-global-color-3)\" class=\"has-inline-color has-ast-global-color-5-color\"> Votre s\u00e9jour dans un chalet traditionnel : <\/mark><\/em><\/strong><\/h1>\n\n\n\n<div class=\"wp-block-buttons is-content-justification-center is-layout-flex wp-container-core-buttons-is-layout-1 wp-block-buttons-is-layout-flex\">\n<div class=\"wp-block-button is-style-fill\"><a class=\"wp-block-button__link wp-element-button\" href=\"https:\/\/gite.fudral.com\/tarifs-reservation\/\">Je r\u00e9serve<\/a><\/div>\n<\/div>\n<\/div><\/div>\n\n\n\n<div style=\"height:30px\" aria-hidden=\"true\" class=\"wp-block-spacer\"><\/div>\n\n\n\n<div class=\"wp-block-media-text has-media-on-the-right is-stacked-on-mobile\"><div class=\"wp-block-media-text__content\">\n<h2 class=\"wp-block-heading\">Bienvenue chez vous !<\/h2>\n\n\n\n<p>Nous serons ravis de vous accueillir dans notre appartement o\u00f9 vous vous sentirez comme chez vous&#8230; La <strong>vue panoramique<\/strong> en bonus.<\/p>\n\n\n\n<p>En fin d&#8217;apr\u00e8s-midi, le soleil se couche derri\u00e8re le <a href=\"https:\/\/www.savoie-mont-blanc.com\/randonnee\/rando-accessibles-en-transports-en-commun\/beaufortain\/\" target=\"_blank\" rel=\"noreferrer noopener\">Beaufortain<\/a>, et on peut admirer toute la <a href=\"https:\/\/fr.wikipedia.org\/wiki\/Vall%C3%A9e_de_la_Tarentaise\" target=\"_blank\" rel=\"noreferrer noopener\">Vall\u00e9e de la Tarentaise <\/a>qui s&#8217;embrase.<\/p>\n\n\n\n<div class=\"wp-block-buttons is-content-justification-right is-layout-flex wp-container-core-buttons-is-layout-2 wp-block-buttons-is-layout-flex\">\n<div class=\"wp-block-button is-style-fill\"><a class=\"wp-block-button__link wp-element-button\" href=\"https:\/\/gite.fudral.com\/le-gite\/\">D\u00e9couvrez le g\u00eete<\/a><\/div>\n<\/div>\n<\/div><figure class=\"wp-block-media-text__media\"><img loading=\"lazy\" decoding=\"async\" width=\"1024\" height=\"588\" src=\"https:\/\/gite.fudral.com\/wp-content\/uploads\/2015\/07\/cropped-Gite-slide-1024x588.jpg\" alt=\"\" class=\"wp-image-4593 size-full\" srcset=\"https:\/\/gite.fudral.com\/wp-content\/uploads\/2015\/07\/cropped-Gite-slide-1024x588.jpg 1024w, https:\/\/gite.fudral.com\/wp-content\/uploads\/2015\/07\/cropped-Gite-slide-300x172.jpg 300w, https:\/\/gite.fudral.com\/wp-content\/uploads\/2015\/07\/cropped-Gite-slide-768x441.jpg 768w, https:\/\/gite.fudral.com\/wp-content\/uploads\/2015\/07\/cropped-Gite-slide.jpg 1065w\" sizes=\"auto, (max-width: 1024px) 100vw, 1024px\" \/><\/figure><\/div>\n\n\n\n<div style=\"height:30px\" aria-hidden=\"true\" class=\"wp-block-spacer\"><\/div>\n\n\n\n<div class=\"wp-block-media-text is-stacked-on-mobile\"><figure class=\"wp-block-media-text__media\"><img loading=\"lazy\" decoding=\"async\" width=\"1024\" height=\"725\" src=\"https:\/\/gite.fudral.com\/wp-content\/uploads\/2015\/07\/cropped-HiverMousselard-slide-1024x725.jpg\" alt=\"\" class=\"wp-image-4595 size-full\" srcset=\"https:\/\/gite.fudral.com\/wp-content\/uploads\/2015\/07\/cropped-HiverMousselard-slide-1024x725.jpg 1024w, https:\/\/gite.fudral.com\/wp-content\/uploads\/2015\/07\/cropped-HiverMousselard-slide-300x212.jpg 300w, https:\/\/gite.fudral.com\/wp-content\/uploads\/2015\/07\/cropped-HiverMousselard-slide-768x544.jpg 768w, https:\/\/gite.fudral.com\/wp-content\/uploads\/2015\/07\/cropped-HiverMousselard-slide.jpg 1028w\" sizes=\"auto, (max-width: 1024px) 100vw, 1024px\" \/><\/figure><div class=\"wp-block-media-text__content\">\n<h2 class=\"wp-block-heading\">Les grandes stations<\/h2>\n\n\n\n<p>Vous pourrez profiter d&#8217;un acc\u00e8s en voiture \u00e0 de grands<strong> domaines skiables<\/strong> comme La Rosi\u00e8re, Les Arcs, La Plagne, Tignes, Val d&#8217;Is\u00e8re&#8230; Une navette passe pour se rendre \u00e0 <a href=\"https:\/\/www.larosiere.ski\/fr\/\" target=\"_blank\" rel=\"noreferrer noopener\">La Rosi\u00e8re<\/a>.<\/p>\n\n\n\n<p>A proximit\u00e9, la station de <a href=\"https:\/\/www.saintefoy-tarentaise.com\/\" target=\"_blank\" rel=\"noreferrer noopener\">Sainte Foy<\/a> est parfaite pour les d\u00e9butants ou les skieurs tranquilles. <\/p>\n\n\n\n<p>Les <strong>randonn\u00e9es sauvages<\/strong> autour du g\u00eete feront votre bonheur avec ou sans raquettes.<\/p>\n\n\n\n<div class=\"wp-block-buttons is-content-justification-right is-layout-flex wp-container-core-buttons-is-layout-3 wp-block-buttons-is-layout-flex\">\n<div class=\"wp-block-button\"><a class=\"wp-block-button__link wp-element-button\" href=\"https:\/\/gite.fudral.com\/en-montagne\/agenda-hiver\/\">Agenda d&#8217;hiver<\/a><\/div>\n<\/div>\n<\/div><\/div>\n\n\n\n<div style=\"height:30px\" aria-hidden=\"true\" class=\"wp-block-spacer\"><\/div>\n\n\n\n<div class=\"wp-block-media-text has-media-on-the-right is-stacked-on-mobile\"><div class=\"wp-block-media-text__content\">\n<h2 class=\"wp-block-heading\">Id\u00e9alement situ\u00e9 hiver comme \u00e9t\u00e9<\/h2>\n\n\n\n<figure class=\"wp-block-embed is-type-wp-embed is-provider-les-ecombelles wp-block-embed-les-ecombelles\"><div class=\"wp-block-embed__wrapper\">\n<blockquote class=\"wp-embedded-content\" data-secret=\"NQfWr4LxvD\"><a href=\"https:\/\/gite.fudral.com\/plan-acces\/\">Acc\u00e8s et informations montagne<\/a><\/blockquote><iframe loading=\"lazy\" class=\"wp-embedded-content\" sandbox=\"allow-scripts\" security=\"restricted\" style=\"position: absolute; visibility: hidden;\" title=\"\u00ab\u00a0Acc\u00e8s et informations montagne\u00a0\u00bb &#8212; Les Ecombelles\" src=\"https:\/\/gite.fudral.com\/plan-acces\/embed\/#?secret=facM2Z6WSJ#?secret=NQfWr4LxvD\" data-secret=\"NQfWr4LxvD\" width=\"500\" height=\"282\" frameborder=\"0\" marginwidth=\"0\" marginheight=\"0\" scrolling=\"no\"><\/iframe>\n<\/div><\/figure>\n\n\n\n<div class=\"wp-block-buttons is-content-justification-right is-layout-flex wp-container-core-buttons-is-layout-4 wp-block-buttons-is-layout-flex\">\n<div class=\"wp-block-button\"><a class=\"wp-block-button__link wp-element-button\" href=\"https:\/\/gite.fudral.com\/plan-acces\/\">Plan d&#8217;acc\u00e8s<\/a><\/div>\n<\/div>\n<\/div><figure class=\"wp-block-media-text__media\"><img loading=\"lazy\" decoding=\"async\" width=\"1024\" height=\"589\" src=\"https:\/\/gite.fudral.com\/wp-content\/uploads\/2015\/07\/cropped-Ete-slide-1024x589.jpg\" alt=\"Station La Rosi\u00e8re en \u00e9t\u00e9\" class=\"wp-image-4591 size-full\" srcset=\"https:\/\/gite.fudral.com\/wp-content\/uploads\/2015\/07\/cropped-Ete-slide-1024x589.jpg 1024w, https:\/\/gite.fudral.com\/wp-content\/uploads\/2015\/07\/cropped-Ete-slide-300x172.jpg 300w, https:\/\/gite.fudral.com\/wp-content\/uploads\/2015\/07\/cropped-Ete-slide-768x442.jpg 768w, https:\/\/gite.fudral.com\/wp-content\/uploads\/2015\/07\/cropped-Ete-slide.jpg 1275w\" sizes=\"auto, (max-width: 1024px) 100vw, 1024px\" \/><\/figure><\/div>\n\n\n\n<div style=\"height:30px\" aria-hidden=\"true\" class=\"wp-block-spacer\"><\/div>\n\n\n\n<div class=\"wp-block-media-text is-stacked-on-mobile\"><figure class=\"wp-block-media-text__media\"><img loading=\"lazy\" decoding=\"async\" width=\"1024\" height=\"589\" src=\"https:\/\/gite.fudral.com\/wp-content\/uploads\/2011\/07\/cropped-Flore-slide-1024x589.jpg\" alt=\"\" class=\"wp-image-4594 size-full\" srcset=\"https:\/\/gite.fudral.com\/wp-content\/uploads\/2011\/07\/cropped-Flore-slide-1024x589.jpg 1024w, https:\/\/gite.fudral.com\/wp-content\/uploads\/2011\/07\/cropped-Flore-slide-300x172.jpg 300w, https:\/\/gite.fudral.com\/wp-content\/uploads\/2011\/07\/cropped-Flore-slide-768x442.jpg 768w, https:\/\/gite.fudral.com\/wp-content\/uploads\/2011\/07\/cropped-Flore-slide.jpg 1275w\" sizes=\"auto, (max-width: 1024px) 100vw, 1024px\" \/><\/figure><div class=\"wp-block-media-text__content\">\n<h2 class=\"wp-block-heading\">Les estives vous appellent<\/h2>\n\n\n\n<p>En \u00e9t\u00e9, la route rose rendue c\u00e9l\u00e8bre par le <strong>Tour de France<\/strong> vous m\u00e8nera jusqu&#8217;au <a href=\"https:\/\/www.larosiere.net\/en-savoir-plus-territoire-col-petit-saint-bernard\/\" target=\"_blank\" rel=\"noreferrer noopener\">Col du Petit Saint Bernard<\/a> puis&#8230; en Italie : \u00e0 vous les p\u00e2tes traditionnelles et les savoureuses glaces au pied des montagnes !<\/p>\n\n\n\n<p>Autour du g\u00eete, les balades bucoliques vous permettront de d\u00e9couvrir la faune et la flore locales. De nombreuses animations sont organis\u00e9es \u00e0 La Rosi\u00e8re et \u00e0 <a href=\"https:\/\/seez.fr\/patrimoine-culture-et-artisanat\/\" target=\"_blank\" rel=\"noreferrer noopener\">S\u00e9ez<\/a>. Enfin les <strong>chapelles baroques<\/strong> et les <strong>villages typiques<\/strong> vous charmeront, comme <a href=\"https:\/\/www.saintefoy-tarentaise.com\/patrimoine-culturel\/hameaux-du-miroir-et-de-la-masure\/\" target=\"_blank\" rel=\"noreferrer noopener\">le Miroir <\/a>ou le <strong>moulin de Saint Germain<\/strong> de toute beaut\u00e9 au temps des tulipes sauvages.<\/p>\n\n\n\n<div class=\"wp-block-buttons is-content-justification-right is-layout-flex wp-container-core-buttons-is-layout-5 wp-block-buttons-is-layout-flex\">\n<div class=\"wp-block-button\"><a class=\"wp-block-button__link wp-element-button\" href=\"https:\/\/gite.fudral.com\/en-montagne\/agenda-ete\/\">Agenda d&#8217;\u00e9t\u00e9<\/a><\/div>\n<\/div>\n<\/div><\/div>\n\n\n\n<div style=\"height:30px\" aria-hidden=\"true\" class=\"wp-block-spacer\"><\/div>\n\n\n\n<hr class=\"wp-block-separator has-alpha-channel-opacity is-style-wide\"\/>\n\n\n\n<div style=\"height:30px\" aria-hidden=\"true\" class=\"wp-block-spacer\"><\/div>\n\n\n\n<h2 class=\"wp-block-heading\">Nouvelles d&#8217;en haut<\/h2>\n\n\n\n<div style=\"height:30px\" aria-hidden=\"true\" class=\"wp-block-spacer\"><\/div>\n\n\n<ul class=\"wp-block-latest-posts__list wp-block-latest-posts\"><li><a class=\"wp-block-latest-posts__post-title\" href=\"https:\/\/gite.fudral.com\/en\/au-gite\/au-village\/la-chapelle-saint-michel-se-fait-belle\/\">La chapelle Saint Michel se fait toute belle<\/a><\/li>\n<li><a class=\"wp-block-latest-posts__post-title\" href=\"https:\/\/gite.fudral.com\/en\/au-gite\/au-village\/quelques-actualites-2\/\">Quelques actualit\u00e9s<\/a><\/li>\n<li><a class=\"wp-block-latest-posts__post-title\" href=\"https:\/\/gite.fudral.com\/en\/au-gite\/au-village\/quelques-actualites\/\">La fibre au Mousselard<\/a><\/li>\n<li><a class=\"wp-block-latest-posts__post-title\" href=\"https:\/\/gite.fudral.com\/en\/en-montagne\/faune-et-flore\/suis-belle-fourrure-brillante-brune-aux-poils-longs\/\">Qui suis-je avec une aussi belle fourrure brillante, brune, aux poils longs\u00a0?<\/a><\/li>\n<li><a class=\"wp-block-latest-posts__post-title\" href=\"https:\/\/gite.fudral.com\/en\/le-saviez-vous\/insolite\/escape-game-naturel\/\">Escape game naturel&#8230;<\/a><\/li>\n<\/ul>\n\n\n<div style=\"height:31px\" aria-hidden=\"true\" class=\"wp-block-spacer\"><\/div>\n\n\n\n<hr class=\"wp-block-separator has-alpha-channel-opacity is-style-wide\"\/>\n\n\n\n<div style=\"height:30px\" aria-hidden=\"true\" class=\"wp-block-spacer\"><\/div>\n\n\n<div class=\"aligncenter wp-block-site-logo\"><a href=\"https:\/\/gite.fudral.com\/en\/\" class=\"custom-logo-link\" rel=\"home\"><img loading=\"lazy\" decoding=\"async\" width=\"322\" height=\"149\" src=\"https:\/\/gite.fudral.com\/wp-content\/uploads\/2025\/03\/cropped-EcombellesGiteTarentaise-300x139.png\" class=\"custom-logo\" alt=\"Ecombelles G\u00eete en Tarentaise\" srcset=\"https:\/\/gite.fudral.com\/wp-content\/uploads\/2025\/03\/cropped-EcombellesGiteTarentaise.png 493w, https:\/\/gite.fudral.com\/wp-content\/uploads\/2025\/03\/cropped-EcombellesGiteTarentaise-300x139.png 300w\" sizes=\"auto, (max-width: 322px) 100vw, 322px\" \/><\/a><\/div>\n\n\n<div style=\"height:30px\" aria-hidden=\"true\" class=\"wp-block-spacer\"><\/div>\n\n\n\n<h4 class=\"wp-block-heading has-text-align-center\">Souhaitez-vous en savoir plus sur le chalet et les activit\u00e9s alentour ?<\/h4>\n\n\n\n<div style=\"height:30px\" aria-hidden=\"true\" class=\"wp-block-spacer\"><\/div>\n\n\n\n<div class=\"wp-block-buttons is-content-justification-center is-layout-flex wp-container-core-buttons-is-layout-6 wp-block-buttons-is-layout-flex\">\n<div class=\"wp-block-button\"><a class=\"wp-block-button__link wp-element-button\" href=\"https:\/\/www.gites-de-france-savoie.com\/gite-rural-73G176149.html#\" target=\"_blank\" rel=\"noreferrer noopener\">Je demande des informations<\/a><\/div>\n<\/div>\n\n\n\n<div style=\"height:30px\" aria-hidden=\"true\" class=\"wp-block-spacer\"><\/div>\n","protected":false},"excerpt":{"rendered":"<p>Nouvelles d&#8217;en haut<\/p>\n","protected":false},"author":1,"featured_media":2758,"parent":0,"menu_order":0,"comment_status":"closed","ping_status":"closed","template":"","meta":{"site-sidebar-layout":"default","site-content-layout":"","ast-site-content-layout":"","site-content-style":"default","site-sidebar-style":"default","ast-global-header-display":"","ast-banner-title-visibility":"","ast-main-header-display":"","ast-hfb-above-header-display":"","ast-hfb-below-header-display":"","ast-hfb-mobile-header-display":"","site-post-title":"disabled","ast-breadcrumbs-content":"","ast-featured-img":"disabled","footer-sml-layout":"","theme-transparent-header-meta":"","adv-header-id-meta":"","stick-header-meta":"","header-above-stick-meta":"","header-main-stick-meta":"","header-below-stick-meta":"","astra-migrate-meta-layouts":"default","ast-page-background-enabled":"default","ast-page-background-meta":{"desktop":{"background-color":"var(--ast-global-color-5)","background-image":"","background-repeat":"repeat","background-position":"center center","background-size":"auto","background-attachment":"scroll","background-type":"","background-media":"","overlay-type":"","overlay-color":"","overlay-opacity":"","overlay-gradient":""},"tablet":{"background-color":"","background-image":"","background-repeat":"repeat","background-position":"center center","background-size":"auto","background-attachment":"scroll","background-type":"","background-media":"","overlay-type":"","overlay-color":"","overlay-opacity":"","overlay-gradient":""},"mobile":{"background-color":"","background-image":"","background-repeat":"repeat","background-position":"center center","background-size":"auto","background-attachment":"scroll","background-type":"","background-media":"","overlay-type":"","overlay-color":"","overlay-opacity":"","overlay-gradient":""}},"ast-content-background-meta":{"desktop":{"background-color":"var(--ast-global-color-4)","background-image":"","background-repeat":"repeat","background-position":"center center","background-size":"auto","background-attachment":"scroll","background-type":"","background-media":"","overlay-type":"","overlay-color":"","overlay-opacity":"","overlay-gradient":""},"tablet":{"background-color":"var(--ast-global-color-4)","background-image":"","background-repeat":"repeat","background-position":"center center","background-size":"auto","background-attachment":"scroll","background-type":"","background-media":"","overlay-type":"","overlay-color":"","overlay-opacity":"","overlay-gradient":""},"mobile":{"background-color":"var(--ast-global-color-4)","background-image":"","background-repeat":"repeat","background-position":"center center","background-size":"auto","background-attachment":"scroll","background-type":"","background-media":"","overlay-type":"","overlay-color":"","overlay-opacity":"","overlay-gradient":""}},"footnotes":""},"class_list":["post-203","page","type-page","status-publish","has-post-thumbnail","hentry"],"yoast_head":"<!-- This site is optimized with the Yoast SEO plugin v24.6 - https:\/\/yoast.com\/wordpress\/plugins\/seo\/ -->\n<title>G\u00eete de montagne : Les Ecombelles<\/title>\n<meta name=\"description\" content=\"Cet appartement est lumineux et tr\u00e8s chaleureux. Il offre une splendide vue sur la vall\u00e9e de la Tarentaise en hiver comme en \u00e9t\u00e9.\" \/>\n<meta name=\"robots\" content=\"index, follow, max-snippet:-1, max-image-preview:large, max-video-preview:-1\" \/>\n<link rel=\"canonical\" href=\"https:\/\/gite.fudral.com\/\" \/>\n<meta property=\"og:locale\" content=\"en_US\" \/>\n<meta property=\"og:type\" content=\"article\" \/>\n<meta property=\"og:title\" content=\"[:fr]G\u00eete de montagne : Les Ecombelles[:]\" \/>\n<meta property=\"og:description\" content=\"{:fr}Cet appartement est lumineux et tr\u00e8s chaleureux. Il offre une splendide vue sur la vall\u00e9e de la Tarentaise en hiver comme en \u00e9t\u00e9.{:}\" \/>\n<meta property=\"og:url\" content=\"https:\/\/gite.fudral.com\/\" \/>\n<meta property=\"og:site_name\" content=\"Les Ecombelles\" \/>\n<meta property=\"article:modified_time\" content=\"2025-03-17T09:13:23+00:00\" \/>\n<meta property=\"og:image\" content=\"https:\/\/gite.fudral.com\/wp-content\/uploads\/2016\/02\/IMG_2323.jpg\" \/>\n\t<meta property=\"og:image:width\" content=\"2425\" \/>\n\t<meta property=\"og:image:height\" content=\"2098\" \/>\n\t<meta property=\"og:image:type\" content=\"image\/jpeg\" \/>\n<meta name=\"twitter:card\" content=\"summary_large_image\" \/>\n<meta name=\"twitter:label1\" content=\"Est. reading time\" \/>\n\t<meta name=\"twitter:data1\" content=\"3 minutes\" \/>\n<script type=\"application\/ld+json\" class=\"yoast-schema-graph\">{\"@context\":\"https:\/\/schema.org\",\"@graph\":[{\"@type\":\"WebPage\",\"@id\":\"https:\/\/gite.fudral.com\/\",\"url\":\"https:\/\/gite.fudral.com\/\",\"name\":\"[:fr]G\u00eete de montagne : Les Ecombelles[:]\",\"isPartOf\":{\"@id\":\"https:\/\/gite.fudral.com\/#website\"},\"primaryImageOfPage\":{\"@id\":\"https:\/\/gite.fudral.com\/#primaryimage\"},\"image\":{\"@id\":\"https:\/\/gite.fudral.com\/#primaryimage\"},\"thumbnailUrl\":\"https:\/\/gite.fudral.com\/wp-content\/uploads\/2016\/02\/IMG_2323.jpg\",\"datePublished\":\"2015-07-05T08:45:02+00:00\",\"dateModified\":\"2025-03-17T09:13:23+00:00\",\"description\":\"{:fr}Cet appartement est lumineux et tr\u00e8s chaleureux. Il offre une splendide vue sur la vall\u00e9e de la Tarentaise en hiver comme en \u00e9t\u00e9.{:}\",\"breadcrumb\":{\"@id\":\"https:\/\/gite.fudral.com\/#breadcrumb\"},\"inLanguage\":\"en-US\",\"potentialAction\":[{\"@type\":\"ReadAction\",\"target\":[\"https:\/\/gite.fudral.com\/\"]}]},{\"@type\":\"ImageObject\",\"inLanguage\":\"en-US\",\"@id\":\"https:\/\/gite.fudral.com\/#primaryimage\",\"url\":\"https:\/\/gite.fudral.com\/wp-content\/uploads\/2016\/02\/IMG_2323.jpg\",\"contentUrl\":\"https:\/\/gite.fudral.com\/wp-content\/uploads\/2016\/02\/IMG_2323.jpg\",\"width\":2425,\"height\":2098,\"caption\":\"Chalet les Ecombelles en Tarentaise\"},{\"@type\":\"BreadcrumbList\",\"@id\":\"https:\/\/gite.fudral.com\/#breadcrumb\",\"itemListElement\":[{\"@type\":\"ListItem\",\"position\":1,\"name\":\"Accueil\",\"item\":\"https:\/\/gite.fudral.com\/\"},{\"@type\":\"ListItem\",\"position\":2,\"name\":\"G\u00eete de Tarentaise &#8211; Les Ecombelles\"}]},{\"@type\":\"WebSite\",\"@id\":\"https:\/\/gite.fudral.com\/#website\",\"url\":\"https:\/\/gite.fudral.com\/\",\"name\":\"Les Ecombelles\",\"description\":\"G\u00eete de France - Savoie Tarentaise\",\"publisher\":{\"@id\":\"https:\/\/gite.fudral.com\/#organization\"},\"potentialAction\":[{\"@type\":\"SearchAction\",\"target\":{\"@type\":\"EntryPoint\",\"urlTemplate\":\"https:\/\/gite.fudral.com\/?s={search_term_string}\"},\"query-input\":{\"@type\":\"PropertyValueSpecification\",\"valueRequired\":true,\"valueName\":\"search_term_string\"}}],\"inLanguage\":\"en-US\"},{\"@type\":\"Organization\",\"@id\":\"https:\/\/gite.fudral.com\/#organization\",\"name\":\"Les Ecombelles\",\"url\":\"https:\/\/gite.fudral.com\/\",\"logo\":{\"@type\":\"ImageObject\",\"inLanguage\":\"en-US\",\"@id\":\"https:\/\/gite.fudral.com\/#\/schema\/logo\/image\/\",\"url\":\"https:\/\/gite.fudral.com\/wp-content\/uploads\/2025\/03\/cropped-EcombellesGiteTarentaise.png\",\"contentUrl\":\"https:\/\/gite.fudral.com\/wp-content\/uploads\/2025\/03\/cropped-EcombellesGiteTarentaise.png\",\"width\":493,\"height\":229,\"caption\":\"Les Ecombelles\"},\"image\":{\"@id\":\"https:\/\/gite.fudral.com\/#\/schema\/logo\/image\/\"}}]}<\/script>\n<!-- \/ Yoast SEO plugin. -->","yoast_head_json":{"title":"G\u00eete de montagne : Les Ecombelles","description":"Cet appartement est lumineux et tr\u00e8s chaleureux. Il offre une splendide vue sur la vall\u00e9e de la Tarentaise en hiver comme en \u00e9t\u00e9.","robots":{"index":"index","follow":"follow","max-snippet":"max-snippet:-1","max-image-preview":"max-image-preview:large","max-video-preview":"max-video-preview:-1"},"canonical":"https:\/\/gite.fudral.com\/","og_locale":"en_US","og_type":"article","og_title":"[:fr]G\u00eete de montagne : Les Ecombelles[:]","og_description":"{:fr}Cet appartement est lumineux et tr\u00e8s chaleureux. Il offre une splendide vue sur la vall\u00e9e de la Tarentaise en hiver comme en \u00e9t\u00e9.{:}","og_url":"https:\/\/gite.fudral.com\/","og_site_name":"Les Ecombelles","article_modified_time":"2025-03-17T09:13:23+00:00","og_image":[{"width":2425,"height":2098,"url":"https:\/\/gite.fudral.com\/wp-content\/uploads\/2016\/02\/IMG_2323.jpg","type":"image\/jpeg"}],"twitter_card":"summary_large_image","twitter_misc":{"Est. reading time":"3 minutes"},"schema":{"@context":"https:\/\/schema.org","@graph":[{"@type":"WebPage","@id":"https:\/\/gite.fudral.com\/","url":"https:\/\/gite.fudral.com\/","name":"[:fr]G\u00eete de montagne : Les Ecombelles[:]","isPartOf":{"@id":"https:\/\/gite.fudral.com\/#website"},"primaryImageOfPage":{"@id":"https:\/\/gite.fudral.com\/#primaryimage"},"image":{"@id":"https:\/\/gite.fudral.com\/#primaryimage"},"thumbnailUrl":"https:\/\/gite.fudral.com\/wp-content\/uploads\/2016\/02\/IMG_2323.jpg","datePublished":"2015-07-05T08:45:02+00:00","dateModified":"2025-03-17T09:13:23+00:00","description":"{:fr}Cet appartement est lumineux et tr\u00e8s chaleureux. Il offre une splendide vue sur la vall\u00e9e de la Tarentaise en hiver comme en \u00e9t\u00e9.{:}","breadcrumb":{"@id":"https:\/\/gite.fudral.com\/#breadcrumb"},"inLanguage":"en-US","potentialAction":[{"@type":"ReadAction","target":["https:\/\/gite.fudral.com\/"]}]},{"@type":"ImageObject","inLanguage":"en-US","@id":"https:\/\/gite.fudral.com\/#primaryimage","url":"https:\/\/gite.fudral.com\/wp-content\/uploads\/2016\/02\/IMG_2323.jpg","contentUrl":"https:\/\/gite.fudral.com\/wp-content\/uploads\/2016\/02\/IMG_2323.jpg","width":2425,"height":2098,"caption":"Chalet les Ecombelles en Tarentaise"},{"@type":"BreadcrumbList","@id":"https:\/\/gite.fudral.com\/#breadcrumb","itemListElement":[{"@type":"ListItem","position":1,"name":"Accueil","item":"https:\/\/gite.fudral.com\/"},{"@type":"ListItem","position":2,"name":"G\u00eete de Tarentaise &#8211; Les Ecombelles"}]},{"@type":"WebSite","@id":"https:\/\/gite.fudral.com\/#website","url":"https:\/\/gite.fudral.com\/","name":"Les Ecombelles","description":"G\u00eete de France - Savoie Tarentaise","publisher":{"@id":"https:\/\/gite.fudral.com\/#organization"},"potentialAction":[{"@type":"SearchAction","target":{"@type":"EntryPoint","urlTemplate":"https:\/\/gite.fudral.com\/?s={search_term_string}"},"query-input":{"@type":"PropertyValueSpecification","valueRequired":true,"valueName":"search_term_string"}}],"inLanguage":"en-US"},{"@type":"Organization","@id":"https:\/\/gite.fudral.com\/#organization","name":"Les Ecombelles","url":"https:\/\/gite.fudral.com\/","logo":{"@type":"ImageObject","inLanguage":"en-US","@id":"https:\/\/gite.fudral.com\/#\/schema\/logo\/image\/","url":"https:\/\/gite.fudral.com\/wp-content\/uploads\/2025\/03\/cropped-EcombellesGiteTarentaise.png","contentUrl":"https:\/\/gite.fudral.com\/wp-content\/uploads\/2025\/03\/cropped-EcombellesGiteTarentaise.png","width":493,"height":229,"caption":"Les Ecombelles"},"image":{"@id":"https:\/\/gite.fudral.com\/#\/schema\/logo\/image\/"}}]}},"_links":{"self":[{"href":"https:\/\/gite.fudral.com\/en\/wp-json\/wp\/v2\/pages\/203","targetHints":{"allow":["GET"]}}],"collection":[{"href":"https:\/\/gite.fudral.com\/en\/wp-json\/wp\/v2\/pages"}],"about":[{"href":"https:\/\/gite.fudral.com\/en\/wp-json\/wp\/v2\/types\/page"}],"author":[{"embeddable":true,"href":"https:\/\/gite.fudral.com\/en\/wp-json\/wp\/v2\/users\/1"}],"replies":[{"embeddable":true,"href":"https:\/\/gite.fudral.com\/en\/wp-json\/wp\/v2\/comments?post=203"}],"version-history":[{"count":59,"href":"https:\/\/gite.fudral.com\/en\/wp-json\/wp\/v2\/pages\/203\/revisions"}],"predecessor-version":[{"id":4902,"href":"https:\/\/gite.fudral.com\/en\/wp-json\/wp\/v2\/pages\/203\/revisions\/4902"}],"wp:featuredmedia":[{"embeddable":true,"href":"https:\/\/gite.fudral.com\/en\/wp-json\/wp\/v2\/media\/2758"}],"wp:attachment":[{"href":"https:\/\/gite.fudral.com\/en\/wp-json\/wp\/v2\/media?parent=203"}],"curies":[{"name":"wp","href":"https:\/\/api.w.org\/{rel}","templated":true}]}}