{"id":2,"date":"2015-07-05T13:03:27","date_gmt":"2015-07-05T12:03:27","guid":{"rendered":"http:\/\/fudral.com\/ecombelles\/?page_id=2"},"modified":"2025-03-17T11:59:32","modified_gmt":"2025-03-17T10:59:32","slug":"le-gite","status":"publish","type":"page","link":"https:\/\/gite.fudral.com\/en\/le-gite\/","title":{"rendered":"The cottage"},"content":{"rendered":"<div style=\"height:30px\" aria-hidden=\"true\" class=\"wp-block-spacer\"><\/div>\n\n\n\n<div class=\"wp-block-cover is-light\"><span aria-hidden=\"true\" class=\"wp-block-cover__background has-background-dim\" style=\"background-color:#aa9184\"><\/span><img loading=\"lazy\" decoding=\"async\" width=\"1065\" height=\"612\" class=\"wp-block-cover__image-background wp-image-4593\" alt=\"\" src=\"https:\/\/gite.fudral.com\/wp-content\/uploads\/2015\/07\/cropped-Gite-slide.jpg\" data-object-fit=\"cover\" srcset=\"https:\/\/gite.fudral.com\/wp-content\/uploads\/2015\/07\/cropped-Gite-slide.jpg 1065w, https:\/\/gite.fudral.com\/wp-content\/uploads\/2015\/07\/cropped-Gite-slide-300x172.jpg 300w, https:\/\/gite.fudral.com\/wp-content\/uploads\/2015\/07\/cropped-Gite-slide-1024x588.jpg 1024w, https:\/\/gite.fudral.com\/wp-content\/uploads\/2015\/07\/cropped-Gite-slide-768x441.jpg 768w\" sizes=\"auto, (max-width: 1065px) 100vw, 1065px\" \/><div class=\"wp-block-cover__inner-container is-layout-constrained wp-block-cover-is-layout-constrained\">\n<h2 class=\"wp-block-heading has-text-align-center has-large-font-size\"><em><mark style=\"background-color:var(--ast-global-color-3)\" class=\"has-inline-color has-ast-global-color-4-color\"> Visitez le g\u00eete :<\/mark><\/em><\/h2>\n<\/div><\/div>\n\n\n<p><\/p>\n<div style=\"float: right; padding-left: 20px;\"><a href=\"http:\/\/gite.fudral.com\/wp-content\/uploads\/2016\/02\/IMG_2323.jpg\"><img loading=\"lazy\" decoding=\"async\" class=\"size-large wp-image-2758 alignleft\" src=\"http:\/\/gite.fudral.com\/wp-content\/uploads\/2016\/02\/IMG_2323-1024x886.jpg\" alt=\"IMG_2323\" width=\"604\" height=\"523\" srcset=\"https:\/\/gite.fudral.com\/wp-content\/uploads\/2016\/02\/IMG_2323-1024x886.jpg 1024w, https:\/\/gite.fudral.com\/wp-content\/uploads\/2016\/02\/IMG_2323-300x260.jpg 300w\" sizes=\"auto, (max-width: 604px) 100vw, 604px\" \/><\/a><\/div>\n<h4>Les Ecombelles, a marvellous traditional chalet&#8230;<\/h4>\n<p>Nested on the southern hillside, 1400 metres high, the cottage accomodates you on the second floor of the chalet. Restored, situated in a pleasant small village, Le Mousselard, the house is all quiet and peaceful.<\/p>\n<p>Our large flat is bright and warm. You will enjoy a <strong>magnificent panoramic view<\/strong> of the valley of Tarentaise from our wide southwest balcony. A high-quality complete equipment will make your stay cosy and entertaining.<\/p>\n<h4><strong>Winter sports and summer activities<\/strong> are available all around, as we are ideally situated near 3 resorts of Haute Tarentaise (about 7 to 9 km) :<\/h4>\n<ul>\n<li><strong>La Rosi\u00e8re<\/strong> (Espace San Bernardo) with access to <strong>Italy<\/strong> through the Petit Saint Bernard Pass (14 km) &#8211; Entertainment in <a href=\"http:\/\/www.larosiere.net\/en\/\" target=\"_blank\" rel=\"noopener noreferrer\">winter and summer<\/a> &#8221; target=&#8221;_blank&#8221; rel=&#8221;noopener&#8221;&gt;summer,<\/li>\n<li><strong>Sainte Foy Tarentaise<\/strong> &#8211; <a href=\"http:\/\/www.saintefoy-tarentaise.com\/english\/\" target=\"_blank\" rel=\"noopener noreferrer\">winter <\/a>and <a href=\"http:\/\/www.saintefoy-tarentaise.com\/english\/summer\/home\/\" target=\"_blank\" rel=\"noopener noreferrer\">summer<\/a>,<\/li>\n<li><strong>Les Arcs<\/strong> from Bourg saint Maurice via funiculaire &#8211; <a href=\"https:\/\/en.lesarcs.com\/in-winter.html\" target=\"_blank\" rel=\"noopener noreferrer\">winter<\/a> and\u00a0<a href=\"https:\/\/en.lesarcs.com\/summer.html\" target=\"_blank\" rel=\"noopener noreferrer\">summer<\/a>,<\/li>\n<li><strong>Villaroger<\/strong> and access to the resort &#8220;<strong>Les Arcs<\/strong>&#8221; &#8211; <a href=\"http:\/\/villaroger.fr\/patrimoine-et-nature\/\" target=\"_blank\" rel=\"noopener noreferrer\">winter <\/a>and <a href=\"http:\/\/villaroger.fr\/patrimoine-et-nature\/fauneetflore\/\" target=\"_blank\" rel=\"noopener noreferrer\">summer<\/a>,<\/li>\n<li>Check also the <strong>valley<\/strong> <a href=\"http:\/\/www.otseez.com\/animations\/\" target=\"_blank\" rel=\"noopener noreferrer\">animations<\/a> at <strong>S\u00e9es<\/strong>.<\/li>\n<li>And of course we will deliver you here lots of <a href=\"\/en\/tag\/randonnees\/\">hiking trails<\/a> to discover the region <strong>all year long<\/strong>.<\/li>\n<\/ul>\n<h4>Our cottage equipments, 82m \u00b2 for 6 people:<\/h4>\n<ul>\n<li>Three bed rooms (a parental suite with shower-room, a bedroom with double bed, one with 2 bunk beds, baby bed),<\/li>\n<li>A bathroom with bathtub and washing machine, WC apart,<\/li>\n<li>A fitted kitchen area (dishwasher, oven, refrigerator \/ deep freeze, microwave, small household electrical appliances),<\/li>\n<li>A sunny living room with a rich library, television, satellite dish, internet and landline,<\/li>\n<li>Baby comfort,<\/li>\n<li>Ski rack and private parking on the ground floor.<\/li>\n<\/ul>\n<p>For everybody&#8217;s comfort, our cottage is non-smoking and animals are not admitted.<\/p>\n<p><strong>Visit<\/strong> in pictures our cottage on the <a href=\"http:\/\/www.gites-de-france-savoie.com\/gite-rural-73G176149.html#ongletPhotos\" target=\"_blank\" rel=\"noopener noreferrer\">G\u00eetes de France\/Les Ecombelles<\/a> website.<\/p>\n<h4>We will be thrilled to share the secrets of our region with you. Get a sip of it in our <a href=\"http:\/\/gite.fudral.com\/en\/blog\/\">blog <\/a>! Beginning with something tempting : what about <a href=\"http:\/\/gite.fudral.com\/en\/magique\/petit-dejeuner-luxe\/\">a breakfast on our balcony<\/a> ?<\/h4>\n<p><a href=\"http:\/\/gite.fudral.com\/wp-content\/uploads\/2016\/02\/DSC03625.jpg\"><img loading=\"lazy\" decoding=\"async\" class=\"alignleft wp-image-2756\" src=\"http:\/\/gite.fudral.com\/wp-content\/uploads\/2016\/02\/DSC03625-768x1024.jpg\" alt=\"DSC03625\" width=\"340\" height=\"453\" srcset=\"https:\/\/gite.fudral.com\/wp-content\/uploads\/2016\/02\/DSC03625.jpg 768w, https:\/\/gite.fudral.com\/wp-content\/uploads\/2016\/02\/DSC03625-225x300.jpg 225w\" sizes=\"auto, (max-width: 340px) 100vw, 340px\" \/><\/a><a href=\"http:\/\/gite.fudral.com\/wp-content\/uploads\/2016\/02\/IMG_2145.jpg\"><img loading=\"lazy\" decoding=\"async\" class=\"alignright wp-image-2757\" src=\"http:\/\/gite.fudral.com\/wp-content\/uploads\/2016\/02\/IMG_2145-1024x768.jpg\" alt=\"IMG_2145\" width=\"604\" height=\"453\" srcset=\"https:\/\/gite.fudral.com\/wp-content\/uploads\/2016\/02\/IMG_2145-1024x768.jpg 1024w, https:\/\/gite.fudral.com\/wp-content\/uploads\/2016\/02\/IMG_2145-300x225.jpg 300w, https:\/\/gite.fudral.com\/wp-content\/uploads\/2016\/02\/IMG_2145-200x150.jpg 200w\" sizes=\"auto, (max-width: 604px) 100vw, 604px\" \/><\/a><\/p>","protected":false},"excerpt":{"rendered":"<p>Les Ecombelles, a marvellous traditional chalet&#8230; Nested on the southern hillside, 1400 metres high, the cottage accomodates you on the [&hellip;]<\/p>\n","protected":false},"author":1,"featured_media":0,"parent":0,"menu_order":0,"comment_status":"closed","ping_status":"open","template":"","meta":{"site-sidebar-layout":"default","site-content-layout":"","ast-site-content-layout":"","site-content-style":"default","site-sidebar-style":"default","ast-global-header-display":"","ast-banner-title-visibility":"","ast-main-header-display":"","ast-hfb-above-header-display":"","ast-hfb-below-header-display":"","ast-hfb-mobile-header-display":"","site-post-title":"disabled","ast-breadcrumbs-content":"","ast-featured-img":"","footer-sml-layout":"","theme-transparent-header-meta":"","adv-header-id-meta":"","stick-header-meta":"","header-above-stick-meta":"","header-main-stick-meta":"","header-below-stick-meta":"","astra-migrate-meta-layouts":"default","ast-page-background-enabled":"default","ast-page-background-meta":{"desktop":{"background-color":"var(--ast-global-color-5)","background-image":"","background-repeat":"repeat","background-position":"center center","background-size":"auto","background-attachment":"scroll","background-type":"","background-media":"","overlay-type":"","overlay-color":"","overlay-opacity":"","overlay-gradient":""},"tablet":{"background-color":"","background-image":"","background-repeat":"repeat","background-position":"center center","background-size":"auto","background-attachment":"scroll","background-type":"","background-media":"","overlay-type":"","overlay-color":"","overlay-opacity":"","overlay-gradient":""},"mobile":{"background-color":"","background-image":"","background-repeat":"repeat","background-position":"center center","background-size":"auto","background-attachment":"scroll","background-type":"","background-media":"","overlay-type":"","overlay-color":"","overlay-opacity":"","overlay-gradient":""}},"ast-content-background-meta":{"desktop":{"background-color":"var(--ast-global-color-4)","background-image":"","background-repeat":"repeat","background-position":"center center","background-size":"auto","background-attachment":"scroll","background-type":"","background-media":"","overlay-type":"","overlay-color":"","overlay-opacity":"","overlay-gradient":""},"tablet":{"background-color":"var(--ast-global-color-4)","background-image":"","background-repeat":"repeat","background-position":"center center","background-size":"auto","background-attachment":"scroll","background-type":"","background-media":"","overlay-type":"","overlay-color":"","overlay-opacity":"","overlay-gradient":""},"mobile":{"background-color":"var(--ast-global-color-4)","background-image":"","background-repeat":"repeat","background-position":"center center","background-size":"auto","background-attachment":"scroll","background-type":"","background-media":"","overlay-type":"","overlay-color":"","overlay-opacity":"","overlay-gradient":""}},"footnotes":""},"class_list":["post-2","page","type-page","status-publish","hentry"],"yoast_head":"<!-- This site is optimized with the Yoast SEO plugin v24.6 - https:\/\/yoast.com\/wordpress\/plugins\/seo\/ -->\n<title>Our cottage &quot;Les Ecombelles&quot;: Tarentaise near Bourg-Saint-Maurice<\/title>\n<meta name=\"description\" content=\"Ce superbe chalet traditionnel nich\u00e9 \u00e0 flanc de coteau sud, \u00e0 1400 m\u00e8tres d&#039;altitude, abrite le g\u00eete au deuxi\u00e8me \u00e9tage. Lumineux, restaur\u00e9, calme et spacieux.\" \/>\n<meta name=\"robots\" content=\"index, follow, max-snippet:-1, max-image-preview:large, max-video-preview:-1\" \/>\n<link rel=\"canonical\" href=\"https:\/\/gite.fudral.com\/le-gite\/\" \/>\n<meta property=\"og:locale\" content=\"en_US\" \/>\n<meta property=\"og:type\" content=\"article\" \/>\n<meta property=\"og:title\" content=\"[:fr]Notre g\u00eete &quot;Les Ecombelles&quot; : Tarentaise pr\u00e8s de Bourg-Saint-Maurice[:en]Our cottage &quot;Les Ecombelles&quot;: Tarentaise near Bourg-Saint-Maurice[:]\" \/>\n<meta property=\"og:description\" content=\"Ce superbe chalet traditionnel nich\u00e9 \u00e0 flanc de coteau sud, \u00e0 1400 m\u00e8tres d&#039;altitude, abrite le g\u00eete au deuxi\u00e8me \u00e9tage. Lumineux, restaur\u00e9, calme et spacieux.\" \/>\n<meta property=\"og:url\" content=\"https:\/\/gite.fudral.com\/le-gite\/\" \/>\n<meta property=\"og:site_name\" content=\"Les Ecombelles\" \/>\n<meta property=\"article:modified_time\" content=\"2025-03-17T10:59:32+00:00\" \/>\n<meta property=\"og:image\" content=\"https:\/\/gite.fudral.com\/wp-content\/uploads\/2015\/07\/cropped-Gite-slide.jpg\" \/>\n\t<meta property=\"og:image:width\" content=\"1065\" \/>\n\t<meta property=\"og:image:height\" content=\"612\" \/>\n\t<meta property=\"og:image:type\" content=\"image\/png\" \/>\n<meta name=\"twitter:card\" content=\"summary_large_image\" \/>\n<meta name=\"twitter:label1\" content=\"Est. reading time\" \/>\n\t<meta name=\"twitter:data1\" content=\"5 minutes\" \/>\n<script type=\"application\/ld+json\" class=\"yoast-schema-graph\">{\"@context\":\"https:\/\/schema.org\",\"@graph\":[{\"@type\":\"WebPage\",\"@id\":\"https:\/\/gite.fudral.com\/le-gite\/\",\"url\":\"https:\/\/gite.fudral.com\/le-gite\/\",\"name\":\"[:fr]Notre g\u00eete \\\"Les Ecombelles\\\" : Tarentaise pr\u00e8s de Bourg-Saint-Maurice[:en]Our cottage \\\"Les Ecombelles\\\": Tarentaise near Bourg-Saint-Maurice[:]\",\"isPartOf\":{\"@id\":\"https:\/\/gite.fudral.com\/#website\"},\"primaryImageOfPage\":{\"@id\":\"https:\/\/gite.fudral.com\/le-gite\/#primaryimage\"},\"image\":{\"@id\":\"https:\/\/gite.fudral.com\/le-gite\/#primaryimage\"},\"thumbnailUrl\":\"https:\/\/gite.fudral.com\/wp-content\/uploads\/2015\/07\/cropped-Gite-slide.jpg\",\"datePublished\":\"2015-07-05T12:03:27+00:00\",\"dateModified\":\"2025-03-17T10:59:32+00:00\",\"description\":\"Ce superbe chalet traditionnel nich\u00e9 \u00e0 flanc de coteau sud, \u00e0 1400 m\u00e8tres d'altitude, abrite le g\u00eete au deuxi\u00e8me \u00e9tage. Lumineux, restaur\u00e9, calme et spacieux.\",\"breadcrumb\":{\"@id\":\"https:\/\/gite.fudral.com\/le-gite\/#breadcrumb\"},\"inLanguage\":\"en-US\",\"potentialAction\":[{\"@type\":\"ReadAction\",\"target\":[\"https:\/\/gite.fudral.com\/le-gite\/\"]}]},{\"@type\":\"ImageObject\",\"inLanguage\":\"en-US\",\"@id\":\"https:\/\/gite.fudral.com\/le-gite\/#primaryimage\",\"url\":\"https:\/\/gite.fudral.com\/wp-content\/uploads\/2015\/07\/cropped-Gite-slide.jpg\",\"contentUrl\":\"https:\/\/gite.fudral.com\/wp-content\/uploads\/2015\/07\/cropped-Gite-slide.jpg\"},{\"@type\":\"BreadcrumbList\",\"@id\":\"https:\/\/gite.fudral.com\/le-gite\/#breadcrumb\",\"itemListElement\":[{\"@type\":\"ListItem\",\"position\":1,\"name\":\"Accueil\",\"item\":\"https:\/\/gite.fudral.com\/\"},{\"@type\":\"ListItem\",\"position\":2,\"name\":\"Le g\u00eete\"}]},{\"@type\":\"WebSite\",\"@id\":\"https:\/\/gite.fudral.com\/#website\",\"url\":\"https:\/\/gite.fudral.com\/\",\"name\":\"Les Ecombelles\",\"description\":\"G\u00eete de France - Savoie Tarentaise\",\"publisher\":{\"@id\":\"https:\/\/gite.fudral.com\/#organization\"},\"potentialAction\":[{\"@type\":\"SearchAction\",\"target\":{\"@type\":\"EntryPoint\",\"urlTemplate\":\"https:\/\/gite.fudral.com\/?s={search_term_string}\"},\"query-input\":{\"@type\":\"PropertyValueSpecification\",\"valueRequired\":true,\"valueName\":\"search_term_string\"}}],\"inLanguage\":\"en-US\"},{\"@type\":\"Organization\",\"@id\":\"https:\/\/gite.fudral.com\/#organization\",\"name\":\"Les Ecombelles\",\"url\":\"https:\/\/gite.fudral.com\/\",\"logo\":{\"@type\":\"ImageObject\",\"inLanguage\":\"en-US\",\"@id\":\"https:\/\/gite.fudral.com\/#\/schema\/logo\/image\/\",\"url\":\"https:\/\/gite.fudral.com\/wp-content\/uploads\/2025\/03\/cropped-EcombellesGiteTarentaise.png\",\"contentUrl\":\"https:\/\/gite.fudral.com\/wp-content\/uploads\/2025\/03\/cropped-EcombellesGiteTarentaise.png\",\"width\":493,\"height\":229,\"caption\":\"Les Ecombelles\"},\"image\":{\"@id\":\"https:\/\/gite.fudral.com\/#\/schema\/logo\/image\/\"}}]}<\/script>\n<!-- \/ Yoast SEO plugin. -->","yoast_head_json":{"title":"Our cottage \"Les Ecombelles\": Tarentaise near Bourg-Saint-Maurice","description":"Ce superbe chalet traditionnel nich\u00e9 \u00e0 flanc de coteau sud, \u00e0 1400 m\u00e8tres d'altitude, abrite le g\u00eete au deuxi\u00e8me \u00e9tage. Lumineux, restaur\u00e9, calme et spacieux.","robots":{"index":"index","follow":"follow","max-snippet":"max-snippet:-1","max-image-preview":"max-image-preview:large","max-video-preview":"max-video-preview:-1"},"canonical":"https:\/\/gite.fudral.com\/le-gite\/","og_locale":"en_US","og_type":"article","og_title":"[:fr]Notre g\u00eete \"Les Ecombelles\" : Tarentaise pr\u00e8s de Bourg-Saint-Maurice[:en]Our cottage \"Les Ecombelles\": Tarentaise near Bourg-Saint-Maurice[:]","og_description":"Ce superbe chalet traditionnel nich\u00e9 \u00e0 flanc de coteau sud, \u00e0 1400 m\u00e8tres d'altitude, abrite le g\u00eete au deuxi\u00e8me \u00e9tage. Lumineux, restaur\u00e9, calme et spacieux.","og_url":"https:\/\/gite.fudral.com\/le-gite\/","og_site_name":"Les Ecombelles","article_modified_time":"2025-03-17T10:59:32+00:00","og_image":[{"width":1065,"height":612,"url":"https:\/\/gite.fudral.com\/wp-content\/uploads\/2015\/07\/cropped-Gite-slide.jpg","type":"image\/png"}],"twitter_card":"summary_large_image","twitter_misc":{"Est. reading time":"5 minutes"},"schema":{"@context":"https:\/\/schema.org","@graph":[{"@type":"WebPage","@id":"https:\/\/gite.fudral.com\/le-gite\/","url":"https:\/\/gite.fudral.com\/le-gite\/","name":"[:fr]Notre g\u00eete \"Les Ecombelles\" : Tarentaise pr\u00e8s de Bourg-Saint-Maurice[:en]Our cottage \"Les Ecombelles\": Tarentaise near Bourg-Saint-Maurice[:]","isPartOf":{"@id":"https:\/\/gite.fudral.com\/#website"},"primaryImageOfPage":{"@id":"https:\/\/gite.fudral.com\/le-gite\/#primaryimage"},"image":{"@id":"https:\/\/gite.fudral.com\/le-gite\/#primaryimage"},"thumbnailUrl":"https:\/\/gite.fudral.com\/wp-content\/uploads\/2015\/07\/cropped-Gite-slide.jpg","datePublished":"2015-07-05T12:03:27+00:00","dateModified":"2025-03-17T10:59:32+00:00","description":"Ce superbe chalet traditionnel nich\u00e9 \u00e0 flanc de coteau sud, \u00e0 1400 m\u00e8tres d'altitude, abrite le g\u00eete au deuxi\u00e8me \u00e9tage. Lumineux, restaur\u00e9, calme et spacieux.","breadcrumb":{"@id":"https:\/\/gite.fudral.com\/le-gite\/#breadcrumb"},"inLanguage":"en-US","potentialAction":[{"@type":"ReadAction","target":["https:\/\/gite.fudral.com\/le-gite\/"]}]},{"@type":"ImageObject","inLanguage":"en-US","@id":"https:\/\/gite.fudral.com\/le-gite\/#primaryimage","url":"https:\/\/gite.fudral.com\/wp-content\/uploads\/2015\/07\/cropped-Gite-slide.jpg","contentUrl":"https:\/\/gite.fudral.com\/wp-content\/uploads\/2015\/07\/cropped-Gite-slide.jpg"},{"@type":"BreadcrumbList","@id":"https:\/\/gite.fudral.com\/le-gite\/#breadcrumb","itemListElement":[{"@type":"ListItem","position":1,"name":"Accueil","item":"https:\/\/gite.fudral.com\/"},{"@type":"ListItem","position":2,"name":"Le g\u00eete"}]},{"@type":"WebSite","@id":"https:\/\/gite.fudral.com\/#website","url":"https:\/\/gite.fudral.com\/","name":"Les Ecombelles","description":"G\u00eete de France - Savoie Tarentaise","publisher":{"@id":"https:\/\/gite.fudral.com\/#organization"},"potentialAction":[{"@type":"SearchAction","target":{"@type":"EntryPoint","urlTemplate":"https:\/\/gite.fudral.com\/?s={search_term_string}"},"query-input":{"@type":"PropertyValueSpecification","valueRequired":true,"valueName":"search_term_string"}}],"inLanguage":"en-US"},{"@type":"Organization","@id":"https:\/\/gite.fudral.com\/#organization","name":"Les Ecombelles","url":"https:\/\/gite.fudral.com\/","logo":{"@type":"ImageObject","inLanguage":"en-US","@id":"https:\/\/gite.fudral.com\/#\/schema\/logo\/image\/","url":"https:\/\/gite.fudral.com\/wp-content\/uploads\/2025\/03\/cropped-EcombellesGiteTarentaise.png","contentUrl":"https:\/\/gite.fudral.com\/wp-content\/uploads\/2025\/03\/cropped-EcombellesGiteTarentaise.png","width":493,"height":229,"caption":"Les Ecombelles"},"image":{"@id":"https:\/\/gite.fudral.com\/#\/schema\/logo\/image\/"}}]}},"_links":{"self":[{"href":"https:\/\/gite.fudral.com\/en\/wp-json\/wp\/v2\/pages\/2","targetHints":{"allow":["GET"]}}],"collection":[{"href":"https:\/\/gite.fudral.com\/en\/wp-json\/wp\/v2\/pages"}],"about":[{"href":"https:\/\/gite.fudral.com\/en\/wp-json\/wp\/v2\/types\/page"}],"author":[{"embeddable":true,"href":"https:\/\/gite.fudral.com\/en\/wp-json\/wp\/v2\/users\/1"}],"replies":[{"embeddable":true,"href":"https:\/\/gite.fudral.com\/en\/wp-json\/wp\/v2\/comments?post=2"}],"version-history":[{"count":63,"href":"https:\/\/gite.fudral.com\/en\/wp-json\/wp\/v2\/pages\/2\/revisions"}],"predecessor-version":[{"id":5059,"href":"https:\/\/gite.fudral.com\/en\/wp-json\/wp\/v2\/pages\/2\/revisions\/5059"}],"wp:attachment":[{"href":"https:\/\/gite.fudral.com\/en\/wp-json\/wp\/v2\/media?parent=2"}],"curies":[{"name":"wp","href":"https:\/\/api.w.org\/{rel}","templated":true}]}}